{"id":3024,"date":"2024-04-22T22:45:44","date_gmt":"2024-04-22T20:45:44","guid":{"rendered":"https:\/\/www.predict-er.com\/?page_id=3024"},"modified":"2024-10-02T23:26:21","modified_gmt":"2024-10-02T21:26:21","slug":"promotional-materials","status":"publish","type":"page","link":"https:\/\/www.predict-er.com\/sr\/promotional-materials\/","title":{"rendered":"PROMOTIVNI MATERIJAL"},"content":{"rendered":"<div data-elementor-type=\"wp-page\" data-elementor-id=\"3024\" class=\"elementor elementor-3024\">\n\t\t\t\t<div class=\"elementor-element elementor-element-ed5342b e-flex e-con-boxed e-con e-parent\" data-id=\"ed5342b\" data-element_type=\"container\" data-e-type=\"container\" data-settings=\"{&quot;background_background&quot;:&quot;classic&quot;}\">\n\t\t\t\t\t<div class=\"e-con-inner\">\n\t\t\t\t<div class=\"elementor-element elementor-element-d9ff295 elementor-widget elementor-widget-heading\" data-id=\"d9ff295\" data-element_type=\"widget\" data-e-type=\"widget\" data-widget_type=\"heading.default\">\n\t\t\t\t<div class=\"elementor-widget-container\">\n\t\t\t\t\t<h1 class=\"elementor-heading-title elementor-size-default\">PROMOTIVNI MATERIJAL<\/h1>\t\t\t\t<\/div>\n\t\t\t\t<\/div>\n\t\t\t\t\t<\/div>\n\t\t\t\t<\/div>\n\t\t<div class=\"elementor-element elementor-element-50f9b49 e-flex e-con-boxed e-con e-parent\" data-id=\"50f9b49\" data-element_type=\"container\" data-e-type=\"container\">\n\t\t\t\t\t<div class=\"e-con-inner\">\n\t\t\t\t<div class=\"elementor-element elementor-element-edcc9f2 elementor-widget elementor-widget-spacer\" data-id=\"edcc9f2\" data-element_type=\"widget\" data-e-type=\"widget\" data-widget_type=\"spacer.default\">\n\t\t\t\t<div class=\"elementor-widget-container\">\n\t\t\t\t\t\t\t<div class=\"elementor-spacer\">\n\t\t\t<div class=\"elementor-spacer-inner\"><\/div>\n\t\t<\/div>\n\t\t\t\t\t\t<\/div>\n\t\t\t\t<\/div>\n\t\t\t\t\t<\/div>\n\t\t\t\t<\/div>\n\t\t<div class=\"elementor-element elementor-element-945d41b e-flex e-con-boxed e-con e-parent\" data-id=\"945d41b\" data-element_type=\"container\" data-e-type=\"container\">\n\t\t\t\t\t<div class=\"e-con-inner\">\n\t\t\t\t<div class=\"elementor-element elementor-element-e20fb9f elementor-widget elementor-widget-text-editor\" data-id=\"e20fb9f\" data-element_type=\"widget\" data-e-type=\"widget\" data-widget_type=\"text-editor.default\">\n\t\t\t\t<div class=\"elementor-widget-container\">\n\t\t\t\t\t\t\t\t\t<p><span style=\"background-color: var(--ast-global-color-5); font-size: 16px;\"><font face=\"Roboto\">U cilju promocije, tim koji stoji iza projekta Predict-er posvetio je zna\u010dajnu pa\u017enju kreiranju raznovrsnog i informativnog promotivnog materijala. Kroz projekat su kreirani razli\u010diti promotivni materijali u vidu flajera, fascikli, roll-up banera i svezaka.<\/font><\/span><\/p>\t\t\t\t\t\t\t\t<\/div>\n\t\t\t\t<\/div>\n\t\t\t\t\t<\/div>\n\t\t\t\t<\/div>\n\t\t<div class=\"elementor-element elementor-element-8ad8122 e-flex e-con-boxed e-con e-parent\" data-id=\"8ad8122\" data-element_type=\"container\" data-e-type=\"container\">\n\t\t\t\t\t<div class=\"e-con-inner\">\n\t\t\t\t<div class=\"elementor-element elementor-element-36be5ef elementor-widget elementor-widget-image\" data-id=\"36be5ef\" data-element_type=\"widget\" data-e-type=\"widget\" data-widget_type=\"image.default\">\n\t\t\t\t<div class=\"elementor-widget-container\">\n\t\t\t\t\t\t\t\t\t\t\t\t\t\t\t<img fetchpriority=\"high\" decoding=\"async\" width=\"3805\" height=\"4838\" src=\"https:\/\/www.predict-er.com\/wp-content\/uploads\/2024\/06\/mockup-promo-materijal.png\" class=\"attachment-full size-full wp-image-3892\" alt=\"\" srcset=\"https:\/\/www.predict-er.com\/wp-content\/uploads\/2024\/06\/mockup-promo-materijal.png 3805w, https:\/\/www.predict-er.com\/wp-content\/uploads\/2024\/06\/mockup-promo-materijal-236x300.png 236w, https:\/\/www.predict-er.com\/wp-content\/uploads\/2024\/06\/mockup-promo-materijal-805x1024.png 805w, https:\/\/www.predict-er.com\/wp-content\/uploads\/2024\/06\/mockup-promo-materijal-768x977.png 768w, https:\/\/www.predict-er.com\/wp-content\/uploads\/2024\/06\/mockup-promo-materijal-1208x1536.png 1208w, https:\/\/www.predict-er.com\/wp-content\/uploads\/2024\/06\/mockup-promo-materijal-1611x2048.png 1611w\" sizes=\"(max-width: 3805px) 100vw, 3805px\" \/>\t\t\t\t\t\t\t\t\t\t\t\t\t\t\t<\/div>\n\t\t\t\t<\/div>\n\t\t\t\t\t<\/div>\n\t\t\t\t<\/div>\n\t\t\t\t<\/div>","protected":false},"excerpt":{"rendered":"<p>PROMOTIONAL MATERIALS In order to promote, the team behind the Predict-er project devoted considerable attention to the creation of diverse and informative promotional material. Through the project, various promotional materials were created in the form of flyers, folders, roll-up banners and notebooks.<\/p>","protected":false},"author":1,"featured_media":0,"parent":0,"menu_order":3,"comment_status":"closed","ping_status":"closed","template":"","meta":{"_uag_custom_page_level_css":"","site-sidebar-layout":"no-sidebar","site-content-layout":"page-builder","ast-site-content-layout":"default","site-content-style":"default","site-sidebar-style":"default","ast-global-header-display":"","ast-banner-title-visibility":"","ast-main-header-display":"","ast-hfb-above-header-display":"","ast-hfb-below-header-display":"","ast-hfb-mobile-header-display":"","site-post-title":"disabled","ast-breadcrumbs-content":"","ast-featured-img":"disabled","footer-sml-layout":"","ast-disable-related-posts":"","theme-transparent-header-meta":"enabled","adv-header-id-meta":"","stick-header-meta":"","header-above-stick-meta":"","header-main-stick-meta":"","header-below-stick-meta":"","astra-migrate-meta-layouts":"default","ast-page-background-enabled":"default","ast-page-background-meta":{"desktop":{"background-color":"var(--ast-global-color-4)","background-image":"","background-repeat":"repeat","background-position":"center center","background-size":"auto","background-attachment":"scroll","background-type":"","background-media":"","overlay-type":"","overlay-color":"","overlay-opacity":"","overlay-gradient":""},"tablet":{"background-color":"","background-image":"","background-repeat":"repeat","background-position":"center center","background-size":"auto","background-attachment":"scroll","background-type":"","background-media":"","overlay-type":"","overlay-color":"","overlay-opacity":"","overlay-gradient":""},"mobile":{"background-color":"","background-image":"","background-repeat":"repeat","background-position":"center center","background-size":"auto","background-attachment":"scroll","background-type":"","background-media":"","overlay-type":"","overlay-color":"","overlay-opacity":"","overlay-gradient":""}},"ast-content-background-meta":{"desktop":{"background-color":"var(--ast-global-color-5)","background-image":"","background-repeat":"repeat","background-position":"center center","background-size":"auto","background-attachment":"scroll","background-type":"","background-media":"","overlay-type":"","overlay-color":"","overlay-opacity":"","overlay-gradient":""},"tablet":{"background-color":"var(--ast-global-color-5)","background-image":"","background-repeat":"repeat","background-position":"center center","background-size":"auto","background-attachment":"scroll","background-type":"","background-media":"","overlay-type":"","overlay-color":"","overlay-opacity":"","overlay-gradient":""},"mobile":{"background-color":"var(--ast-global-color-5)","background-image":"","background-repeat":"repeat","background-position":"center center","background-size":"auto","background-attachment":"scroll","background-type":"","background-media":"","overlay-type":"","overlay-color":"","overlay-opacity":"","overlay-gradient":""}},"footnotes":""},"class_list":["post-3024","page","type-page","status-publish","hentry"],"uagb_featured_image_src":{"full":false,"thumbnail":false,"medium":false,"medium_large":false,"large":false,"1536x1536":false,"2048x2048":false,"trp-custom-language-flag":false},"uagb_author_info":{"display_name":false,"author_link":"https:\/\/www.predict-er.com\/sr\/author\/project_predict-er_admin\/"},"uagb_comment_info":0,"uagb_excerpt":"PROMOTIONAL MATERIALS In order to promote, the team behind the Predict-er project devoted considerable attention to the creation of diverse and informative promotional material. Through the project, various promotional materials were created in the form of flyers, folders, roll-up banners and notebooks.","rttpg_featured_image_url":null,"rttpg_author":{"display_name":false,"author_link":"https:\/\/www.predict-er.com\/sr\/author\/project_predict-er_admin\/"},"rttpg_comment":0,"rttpg_category":null,"rttpg_excerpt":"PROMOTIONAL MATERIALS In order to promote, the team behind the Predict-er project devoted considerable attention to the creation of diverse and informative promotional material. Through the project, various promotional materials were created in the form of flyers, folders, roll-up banners and notebooks.","_links":{"self":[{"href":"https:\/\/www.predict-er.com\/sr\/wp-json\/wp\/v2\/pages\/3024","targetHints":{"allow":["GET"]}}],"collection":[{"href":"https:\/\/www.predict-er.com\/sr\/wp-json\/wp\/v2\/pages"}],"about":[{"href":"https:\/\/www.predict-er.com\/sr\/wp-json\/wp\/v2\/types\/page"}],"author":[{"embeddable":true,"href":"https:\/\/www.predict-er.com\/sr\/wp-json\/wp\/v2\/users\/1"}],"replies":[{"embeddable":true,"href":"https:\/\/www.predict-er.com\/sr\/wp-json\/wp\/v2\/comments?post=3024"}],"version-history":[{"count":106,"href":"https:\/\/www.predict-er.com\/sr\/wp-json\/wp\/v2\/pages\/3024\/revisions"}],"predecessor-version":[{"id":4199,"href":"https:\/\/www.predict-er.com\/sr\/wp-json\/wp\/v2\/pages\/3024\/revisions\/4199"}],"wp:attachment":[{"href":"https:\/\/www.predict-er.com\/sr\/wp-json\/wp\/v2\/media?parent=3024"}],"curies":[{"name":"wp","href":"https:\/\/api.w.org\/{rel}","templated":true}]}}