{"id":3425,"date":"2024-04-24T12:23:17","date_gmt":"2024-04-24T10:23:17","guid":{"rendered":"https:\/\/www.predict-er.com\/?page_id=3425"},"modified":"2024-10-02T23:19:56","modified_gmt":"2024-10-02T21:19:56","slug":"project","status":"publish","type":"page","link":"https:\/\/www.predict-er.com\/sr\/project\/","title":{"rendered":"PROJEKAT"},"content":{"rendered":"<div data-elementor-type=\"wp-page\" data-elementor-id=\"3425\" class=\"elementor elementor-3425\">\n\t\t\t\t<div class=\"elementor-element elementor-element-ed5342b e-flex e-con-boxed e-con e-parent\" data-id=\"ed5342b\" data-element_type=\"container\" data-e-type=\"container\" data-settings=\"{&quot;background_background&quot;:&quot;classic&quot;}\">\n\t\t\t\t\t<div class=\"e-con-inner\">\n\t\t\t\t<div class=\"elementor-element elementor-element-d9ff295 elementor-widget elementor-widget-heading\" data-id=\"d9ff295\" data-element_type=\"widget\" data-e-type=\"widget\" data-widget_type=\"heading.default\">\n\t\t\t\t<div class=\"elementor-widget-container\">\n\t\t\t\t\t<h1 class=\"elementor-heading-title elementor-size-default\">PROJEKAT<\/h1>\t\t\t\t<\/div>\n\t\t\t\t<\/div>\n\t\t\t\t\t<\/div>\n\t\t\t\t<\/div>\n\t\t<div class=\"elementor-element elementor-element-fb9de6a e-flex e-con-boxed e-con e-parent\" data-id=\"fb9de6a\" data-element_type=\"container\" data-e-type=\"container\">\n\t\t\t\t\t<div class=\"e-con-inner\">\n\t\t\t\t<div class=\"elementor-element elementor-element-de0a6ca elementor-widget elementor-widget-spacer\" data-id=\"de0a6ca\" data-element_type=\"widget\" data-e-type=\"widget\" data-widget_type=\"spacer.default\">\n\t\t\t\t<div class=\"elementor-widget-container\">\n\t\t\t\t\t\t\t<div class=\"elementor-spacer\">\n\t\t\t<div class=\"elementor-spacer-inner\"><\/div>\n\t\t<\/div>\n\t\t\t\t\t\t<\/div>\n\t\t\t\t<\/div>\n\t\t\t\t\t<\/div>\n\t\t\t\t<\/div>\n\t\t<div class=\"elementor-element elementor-element-8fb9540 e-flex e-con-boxed e-con e-parent\" data-id=\"8fb9540\" data-element_type=\"container\" data-e-type=\"container\">\n\t\t\t\t\t<div class=\"e-con-inner\">\n\t\t\t\t<div class=\"elementor-element elementor-element-881be59 elementor-widget elementor-widget-text-editor\" data-id=\"881be59\" data-element_type=\"widget\" data-e-type=\"widget\" data-widget_type=\"text-editor.default\">\n\t\t\t\t<div class=\"elementor-widget-container\">\n\t\t\t\t\t\t\t\t\t<p><span style=\"background-color: var(--ast-global-color-5); font-size: 16px;\"><font face=\"Roboto\">Erozija tla ugro\u017eava odr\u017eivo kori\u0161\u0107enje svetskih zemlji\u0161nih resursa, \u0161to je \u010dini problemom od globalnog zna\u010daja. Uprkos nedavnom napretku u modeliranju erozije, prediktivni modeli i alati se \u010desto oslanjaju na globalno dostupne podatke i njihovom razvoju nedostaju terenske aktivnosti i validacija. Ovi nedostaci ograni\u010davaju primenljivost u identifikaciji prioritetnih oblasti specifi\u010dnih za lokaciju i mera za efikasno upravljanje zemlji\u0161tem. Predict-Er donosi multidisciplinarni pristup koji, po prvi put, kombinuje nuklearne, analiti\u010dke, statisti\u010dke i tehnike daljinskog otkrivanja za dobijanje terenskih podataka visoke rezolucije. Rezultati istra\u017eivanja \u0107e biti modelovani i integrisani u novi alat za predvi\u0111anje intenziteta erozije i dinamike sedimenta u nizu scenarija upravljanja. Web-GIS alat koji je jednostavan za kori\u0161\u0107enje ima za cilj da podr\u017ei donosioce odluka u izboru odgovaraju\u0107ih mera o\u010duvanja kako bi se minimizirali efekti erozije na i van erodiranih lokacija. Alat razvijen na reprezentativnom slivu u Srbiji bi\u0107e validiran na slivovima sa razli\u010ditim fiziografsko-geolo\u0161kim karakteristikama u \u0160paniji. Povratne informacije relevantnih zainteresovanih strana \u0107e se koristiti za pobolj\u0161anje dizajna i performansi alata. Bi\u0107e predlo\u017eeni najbolji modeli predvi\u0111anja za optimizaciju koli\u010dine ulaznih podataka za parametrizaciju modela u budu\u0107im aplikacijama u razli\u010ditim regionima. Najsavremenija istra\u017eivanja koja podr\u017eavaju razvoj alata doprine\u0107e unapre\u0111enju znanja o pokreta\u010dima erozije tla i preraspodeli sedimenta, pove\u0107avaju\u0107i nau\u010dnu izvrsnost tima. Kori\u0161\u0107enje Predict-Er pristupa za podr\u0161ku dono\u0161enju odluka \u0107e zna\u010dajno uticati na kvalitet zemlji\u0161ta i povr\u0161inskih voda sa posledi\u010dnim dru\u0161tveno-ekonomskim koristima i uticajem na nacionalnu i me\u0111unarodnu politiku.<\/font><\/span><\/p>\t\t\t\t\t\t\t\t<\/div>\n\t\t\t\t<\/div>\n\t\t\t\t\t<\/div>\n\t\t\t\t<\/div>\n\t\t<div class=\"elementor-element elementor-element-344e7e1 e-flex e-con-boxed e-con e-parent\" data-id=\"344e7e1\" data-element_type=\"container\" data-e-type=\"container\">\n\t\t\t\t\t<div class=\"e-con-inner\">\n\t\t<div class=\"elementor-element elementor-element-bb49821 e-con-full e-flex e-con e-child\" data-id=\"bb49821\" data-element_type=\"container\" data-e-type=\"container\">\n\t\t\t\t<div class=\"elementor-element elementor-element-d8e1504 elementor-widget elementor-widget-text-editor\" data-id=\"d8e1504\" data-element_type=\"widget\" data-e-type=\"widget\" data-widget_type=\"text-editor.default\">\n\t\t\t\t<div class=\"elementor-widget-container\">\n\t\t\t\t\t\t\t\t\t<p><span style=\"font-family: Roboto; background-color: var(--ast-global-color-5); font-size: 16px; text-align: var(--text-align); font-style: inherit; font-weight: inherit; color: var(--ast-global-color-3);\">\u00a0<\/span><\/p><p><span style=\"font-family: Roboto; background-color: var(--ast-global-color-5); font-size: 16px; text-align: var(--text-align); font-style: inherit; font-weight: inherit; color: var(--ast-global-color-3);\">\u00a0<\/span><\/p><p><span style=\"font-family: Roboto; background-color: var(--ast-global-color-5); font-size: 16px; text-align: var(--text-align); font-style: inherit; font-weight: inherit; color: var(--ast-global-color-3);\">Faze Projekta:<\/span><\/p><p><span style=\"font-family: Roboto; background-color: var(--ast-global-color-5); font-size: 16px; text-align: var(--text-align); font-style: inherit; font-weight: inherit; color: var(--ast-global-color-3);\">\u00a0<\/span><\/p><p style=\"text-align: justify;\"><span style=\"font-family: Roboto;\"><span style=\"font-size: 16px;\">\u2013 Analiza istra\u017eivanog podru\u010dja \u2013 1.mesec<\/span><\/span><\/p><p style=\"text-align: justify;\"><span style=\"font-family: Roboto;\"><span style=\"font-size: 16px;\">\u2013 Upravljanje aktivnostima, podacima i rizicima \u2013 od 1. do 36. meseca<\/span><\/span><\/p><p style=\"text-align: justify;\"><span style=\"font-family: Roboto;\"><span style=\"font-size: 16px;\">\u2013 Plan diseminacije i eksploatacije \u2013 od po\u010detka projekta, prva 4 meseca, kao i jo\u0161 dva puta tokom projekta<\/span><\/span><\/p><p style=\"text-align: justify;\"><span style=\"font-family: Roboto;\"><span style=\"font-size: 16px;\">\u2013 Deljenje znanja i komunikacija \u2013 tokom celog projekta<\/span><\/span><\/p><p style=\"text-align: justify;\"><span style=\"font-family: Roboto;\"><span style=\"font-size: 16px;\">\u2013 Snimanje iz vazduha i terensko istra\u017eivanje \u2013 prva godina<\/span><\/span><\/p><p style=\"text-align: justify;\"><span style=\"font-family: Roboto;\"><span style=\"font-size: 16px;\">\u2013 Uzimanje uzoraka tla \u2013 od 2. do kraja 18. meseca<\/span><\/span><\/p><p style=\"text-align: justify;\"><span style=\"font-family: Roboto;\"><span style=\"font-size: 16px;\">&#8211; Analysis of soil samples &#8211; during the entire period of soil sampling<\/span><\/span><\/p><p style=\"text-align: justify;\"><span style=\"font-family: Roboto;\"><span style=\"font-size: 16px;\">\u2013 Modelovanje terena i modelovanje kori\u0161tenja zemlji\u0161ta \u2013 od 4. do kraja 15. meseca, nakon snimanja iz vazduha i terenskog snimanja.<\/span><\/span><\/p><p style=\"text-align: justify;\"><span style=\"font-family: Roboto;\"><span style=\"font-size: 16px;\">\u2013 Modelovanje preraspodele zemlji\u0161ta \u2013 od 4. do kraja 20. meseca<\/span><\/span><\/p><p style=\"text-align: justify;\"><span style=\"font-family: Roboto;\"><span style=\"font-size: 16px;\">\u2013 \u201eFingerprinting\u201c sedimenata \u2013 u 20. i 21. mesecu, nakon snimanja iz vazduha i terenskog istra\u017eivanja<\/span><\/span><\/p><p style=\"text-align: justify;\"><span style=\"font-family: Roboto;\"><span style=\"font-size: 16px;\">\u2013 Multivarijantno i geostatisti\u010dko modelovanje \u2013 u 21. i 22. mesecu, rad s rezultatima aerosnimanja i terenskih istra\u017eivanja.<\/span><\/span><\/p><p style=\"text-align: justify;\"><span style=\"font-family: Roboto;\"><span style=\"font-size: 16px;\">\u2013 Integracija podataka prikupljenih daljinskim istra\u017eivanjem i s terena \u2013 od 23. do kraja 25. meseca kori\u0161tenjem rezultata terenskog rada i analize podataka<\/span><\/span><\/p><p style=\"text-align: justify;\"><span style=\"font-family: Roboto;\"><span style=\"font-size: 16px;\">\u2013 Razvoj korisni\u010dkog interfejsa (Web GIS portal) \u2013 od 23. do kraja 25. meseca<\/span><\/span><\/p><p style=\"text-align: justify;\"><span style=\"font-family: Roboto;\"><span style=\"font-size: 16px;\">\u2013 Implementacija i validacija alata \u2013 od 26. do 36. meseca<\/span><\/span><\/p>\t\t\t\t\t\t\t\t<\/div>\n\t\t\t\t<\/div>\n\t\t\t\t<\/div>\n\t\t<div class=\"elementor-element elementor-element-6742a3d e-con-full e-flex e-con e-child\" data-id=\"6742a3d\" data-element_type=\"container\" data-e-type=\"container\">\n\t\t\t\t<div class=\"elementor-element elementor-element-542882e elementor-widget elementor-widget-image\" data-id=\"542882e\" data-element_type=\"widget\" data-e-type=\"widget\" data-widget_type=\"image.default\">\n\t\t\t\t<div class=\"elementor-widget-container\">\n\t\t\t\t\t\t\t\t\t\t\t\t\t\t\t<img decoding=\"async\" src=\"https:\/\/www.predict-er.com\/wp-content\/uploads\/elementor\/thumbs\/vremenski-okvir-manji-qmpunve2wc5akmhmlgflj7fua61b5qj2282y7oozy8.png\" title=\"time frame\" alt=\"time frame\" loading=\"lazy\" \/>\t\t\t\t\t\t\t\t\t\t\t\t\t\t\t<\/div>\n\t\t\t\t<\/div>\n\t\t\t\t<\/div>\n\t\t\t\t\t<\/div>\n\t\t\t\t<\/div>\n\t\t<div class=\"elementor-element elementor-element-bdd22ef e-flex e-con-boxed e-con e-parent\" data-id=\"bdd22ef\" data-element_type=\"container\" data-e-type=\"container\">\n\t\t\t\t\t<div class=\"e-con-inner\">\n\t\t\t\t<div class=\"elementor-element elementor-element-d2385a0 elementor-tabs-alignment-stretch elementor-tabs-view-horizontal elementor-widget elementor-widget-tabs\" data-id=\"d2385a0\" data-element_type=\"widget\" data-e-type=\"widget\" data-widget_type=\"tabs.default\">\n\t\t\t\t<div class=\"elementor-widget-container\">\n\t\t\t\t\t\t\t<div class=\"elementor-tabs\">\n\t\t\t<div class=\"elementor-tabs-wrapper\" role=\"tablist\" >\n\t\t\t\t\t\t\t\t\t<div id=\"elementor-tab-title-2201\" class=\"elementor-tab-title elementor-tab-desktop-title\" aria-selected=\"true\" data-tab=\"1\" role=\"tab\" tabindex=\"0\" aria-controls=\"elementor-tab-content-2201\" aria-expanded=\"false\">Istra\u017eiva\u010dki program<\/div>\n\t\t\t\t\t\t\t\t\t<div id=\"elementor-tab-title-2202\" class=\"elementor-tab-title elementor-tab-desktop-title\" aria-selected=\"false\" data-tab=\"2\" role=\"tab\" tabindex=\"-1\" aria-controls=\"elementor-tab-content-2202\" aria-expanded=\"false\">Radni paket 1<\/div>\n\t\t\t\t\t\t\t\t\t<div id=\"elementor-tab-title-2203\" class=\"elementor-tab-title elementor-tab-desktop-title\" aria-selected=\"false\" data-tab=\"3\" role=\"tab\" tabindex=\"-1\" aria-controls=\"elementor-tab-content-2203\" aria-expanded=\"false\">Radni paket 2<\/div>\n\t\t\t\t\t\t\t\t\t<div id=\"elementor-tab-title-2204\" class=\"elementor-tab-title elementor-tab-desktop-title\" aria-selected=\"false\" data-tab=\"4\" role=\"tab\" tabindex=\"-1\" aria-controls=\"elementor-tab-content-2204\" aria-expanded=\"false\">Radni paket 3<\/div>\n\t\t\t\t\t\t\t\t\t<div id=\"elementor-tab-title-2205\" class=\"elementor-tab-title elementor-tab-desktop-title\" aria-selected=\"false\" data-tab=\"5\" role=\"tab\" tabindex=\"-1\" aria-controls=\"elementor-tab-content-2205\" aria-expanded=\"false\">Radni paket 4<\/div>\n\t\t\t\t\t\t\t<\/div>\n\t\t\t<div class=\"elementor-tabs-content-wrapper\" role=\"tablist\" aria-orientation=\"vertical\">\n\t\t\t\t\t\t\t\t\t<div class=\"elementor-tab-title elementor-tab-mobile-title\" aria-selected=\"true\" data-tab=\"1\" role=\"tab\" tabindex=\"0\" aria-controls=\"elementor-tab-content-2201\" aria-expanded=\"false\">Istra\u017eiva\u010dki program<\/div>\n\t\t\t\t\t<div id=\"elementor-tab-content-2201\" class=\"elementor-tab-content elementor-clearfix\" data-tab=\"1\" role=\"tabpanel\" aria-labelledby=\"elementor-tab-title-2201\" tabindex=\"0\" hidden=\"false\"><p style=\"text-align: justify;\"><span style=\"background-color: var(--ast-global-color-5); font-size: 16px;\"><span style=\"font-family: Roboto;\">Nau\u010dni rad u Predict-Er projektu je struktuiran u me\u0111usobno povezane nau\u010dne radne pakete (pogledajte radne pakete), koji odra\u017eavaju glavne zadatke koji \u0107e biti re\u0161eni da bi se uspe\u0161no uhvatili u ko\u0161tac sa nau\u010dnim ciljevima Predict-Er.<\/span><\/span><\/p><\/div>\n\t\t\t\t\t\t\t\t\t<div class=\"elementor-tab-title elementor-tab-mobile-title\" aria-selected=\"false\" data-tab=\"2\" role=\"tab\" tabindex=\"-1\" aria-controls=\"elementor-tab-content-2202\" aria-expanded=\"false\">Radni paket 1<\/div>\n\t\t\t\t\t<div id=\"elementor-tab-content-2202\" class=\"elementor-tab-content elementor-clearfix\" data-tab=\"2\" role=\"tabpanel\" aria-labelledby=\"elementor-tab-title-2202\" tabindex=\"0\" hidden=\"hidden\"><p style=\"text-align: justify;\" class=\"translation-block\"><span style=\"background-color: var(--ast-global-color-5);font-size: 16px\"><span style=\"font-family: Roboto\"><strong>RP1 (Studija odabranog sliva, terenske kampanje i analize uzoraka)<\/strong> ima za cilj da proizvede skupove podataka visoke rezolucije o reprezentativnom slivu istra\u017eivanja koji \u0107e se koristiti direktno ili kao modelovani podaci za razvoj alata Predict-Er. Uklju\u010duje analizu podru\u010dja istra\u017eivanja uz uklju\u010divanje ve\u0107 mobilisanih zainteresovanih strana, vazdu\u0161no i terestri\u010dko snimanje podru\u010dja radi dobijanja veoma detaljnih karata pokriva\u010da zemlji\u0161ta i vegetacije, uzorkovanja zemlji\u0161ta i sedimenata i eksperimentalne karakterizacije uzoraka. Rukovodilac tima \u2013 Bo\u0161ko Gaji\u0107, redovni profesor.<\/span><\/span><\/p><\/div>\n\t\t\t\t\t\t\t\t\t<div class=\"elementor-tab-title elementor-tab-mobile-title\" aria-selected=\"false\" data-tab=\"3\" role=\"tab\" tabindex=\"-1\" aria-controls=\"elementor-tab-content-2203\" aria-expanded=\"false\">Radni paket 2<\/div>\n\t\t\t\t\t<div id=\"elementor-tab-content-2203\" class=\"elementor-tab-content elementor-clearfix\" data-tab=\"3\" role=\"tabpanel\" aria-labelledby=\"elementor-tab-title-2203\" tabindex=\"0\" hidden=\"hidden\"><p style=\"text-align: justify;\" class=\"translation-block\"><span style=\"background-color: var(--ast-global-color-5);font-size: 16px\"><span style=\"font-family: Roboto\"><strong>RP2 (Analiza podataka i modelovanje kao osnova za razvoj Predict-Er alata)<\/strong> je orijentisan na modelovanje, sa ciljem da obezbedi vi\u0161eslojne modele predstavljanja (teren, pokriva\u010d zemlji\u0161ta, stope erozije tla, otisak prstiju sedimenta) i analizu prostorne distribucije fizi\u010dko-hemijskih svojstava zemlji\u0161ta, sadr\u017eaj stabilnih elemenata, aktivnosti radionuklida multivarijantnim i geostatisti\u010dkim metodama kako bi se stvorila osnova za razvoj Predict-Er alata. Vo\u0111a tima \u2013 Ivana Smi\u010diklas, nau\u010dni savetnik.<\/span><\/span><\/p><\/div>\n\t\t\t\t\t\t\t\t\t<div class=\"elementor-tab-title elementor-tab-mobile-title\" aria-selected=\"false\" data-tab=\"4\" role=\"tab\" tabindex=\"-1\" aria-controls=\"elementor-tab-content-2204\" aria-expanded=\"false\">Radni paket 3<\/div>\n\t\t\t\t\t<div id=\"elementor-tab-content-2204\" class=\"elementor-tab-content elementor-clearfix\" data-tab=\"4\" role=\"tabpanel\" aria-labelledby=\"elementor-tab-title-2204\" tabindex=\"0\" hidden=\"hidden\"><p style=\"text-align: justify;\" class=\"translation-block\"><span style=\"background-color: var(--ast-global-color-5);font-size: 16px\"><span style=\"font-family: Roboto\"><strong>RP3 (Razvoj i testiranje alata Predict-Er)<\/strong>  je namenjen razvoju i testiranju alata Predict-Er za predvi\u0111anje prostornih i vremenskih trendova erozije zemlji\u0161ta i transporta nanosa. Ovaj RP uklju\u010duje integraciju podataka sa daljinskog snimanja i podataka dobijenih analizom uzorkovanog tla i sedimenata, razvoj veb GIS portala prilago\u0111enog korisniku, analizu povratnih informacija krajnjih korisnika i validaciju alata u \u0161panskom slivu. Rukovodilac tima \u2013 Milan \u0110or\u0111evi\u0107, docent.<\/span><\/span><\/p><\/div>\n\t\t\t\t\t\t\t\t\t<div class=\"elementor-tab-title elementor-tab-mobile-title\" aria-selected=\"false\" data-tab=\"5\" role=\"tab\" tabindex=\"-1\" aria-controls=\"elementor-tab-content-2205\" aria-expanded=\"false\">Radni paket 4<\/div>\n\t\t\t\t\t<div id=\"elementor-tab-content-2205\" class=\"elementor-tab-content elementor-clearfix\" data-tab=\"5\" role=\"tabpanel\" aria-labelledby=\"elementor-tab-title-2205\" tabindex=\"0\" hidden=\"hidden\"><p style=\"text-align: justify;\" class=\"translation-block\"><span style=\"background-color: var(--ast-global-color-5);font-size: 16px\"><span style=\"font-family: Roboto\"><strong>RP4 (Projektno upravljanje i diseminacija)<\/strong> ima za cilj da obezbedi efektivne aktivnosti, podatke, upravljanje rizikom i da izgradi efikasnu strategiju za komuniciranje i distribuciju svih projektnih aktivnosti i ishoda i da podigne svest o radu i va\u017enosti Predict-Er projekta u celoj nau\u010dnoj zajednici , zainteresovane strane, krajnje korisnike i \u0161iru javnost. Rukovodilac tima \u2013 Sne\u017eana Dragovi\u0107, nau\u010dni savetnik.<\/span><\/span><\/p><\/div>\n\t\t\t\t\t\t\t<\/div>\n\t\t<\/div>\n\t\t\t\t\t\t<\/div>\n\t\t\t\t<\/div>\n\t\t\t\t\t<\/div>\n\t\t\t\t<\/div>\n\t\t<div class=\"elementor-element elementor-element-8510c11 e-flex e-con-boxed e-con e-parent\" data-id=\"8510c11\" data-element_type=\"container\" data-e-type=\"container\">\n\t\t\t\t\t<div class=\"e-con-inner\">\n\t\t\t\t<div class=\"elementor-element elementor-element-090f394 elementor-widget elementor-widget-image\" data-id=\"090f394\" data-element_type=\"widget\" data-e-type=\"widget\" data-widget_type=\"image.default\">\n\t\t\t\t<div class=\"elementor-widget-container\">\n\t\t\t\t\t\t\t\t\t\t\t\t\t\t\t<img fetchpriority=\"high\" decoding=\"async\" width=\"1920\" height=\"711\" src=\"https:\/\/www.predict-er.com\/wp-content\/uploads\/2024\/04\/predicter-gif.gif\" class=\"attachment-full size-full wp-image-3800\" alt=\"\" \/>\t\t\t\t\t\t\t\t\t\t\t\t\t\t\t<\/div>\n\t\t\t\t<\/div>\n\t\t\t\t\t<\/div>\n\t\t\t\t<\/div>\n\t\t\t\t<\/div>","protected":false},"excerpt":{"rendered":"<p>PROJECT Soil erosion threatens the sustainable use of the world&#8217;s land resources, making it a problem of global importance. Despite recent advances in erosion modeling, predictive models and tools often rely on globally available data and their development lacks field activities and validation. These shortcomings limit applicability in identifying site-specific priority areas and measures for [&hellip;]<\/p>\n","protected":false},"author":1,"featured_media":0,"parent":0,"menu_order":2,"comment_status":"closed","ping_status":"closed","template":"","meta":{"_uag_custom_page_level_css":"","site-sidebar-layout":"no-sidebar","site-content-layout":"page-builder","ast-site-content-layout":"default","site-content-style":"default","site-sidebar-style":"default","ast-global-header-display":"","ast-banner-title-visibility":"","ast-main-header-display":"","ast-hfb-above-header-display":"","ast-hfb-below-header-display":"","ast-hfb-mobile-header-display":"","site-post-title":"disabled","ast-breadcrumbs-content":"","ast-featured-img":"disabled","footer-sml-layout":"","ast-disable-related-posts":"","theme-transparent-header-meta":"enabled","adv-header-id-meta":"","stick-header-meta":"","header-above-stick-meta":"","header-main-stick-meta":"","header-below-stick-meta":"","astra-migrate-meta-layouts":"default","ast-page-background-enabled":"default","ast-page-background-meta":{"desktop":{"background-color":"var(--ast-global-color-4)","background-image":"","background-repeat":"repeat","background-position":"center center","background-size":"auto","background-attachment":"scroll","background-type":"","background-media":"","overlay-type":"","overlay-color":"","overlay-opacity":"","overlay-gradient":""},"tablet":{"background-color":"","background-image":"","background-repeat":"repeat","background-position":"center center","background-size":"auto","background-attachment":"scroll","background-type":"","background-media":"","overlay-type":"","overlay-color":"","overlay-opacity":"","overlay-gradient":""},"mobile":{"background-color":"","background-image":"","background-repeat":"repeat","background-position":"center center","background-size":"auto","background-attachment":"scroll","background-type":"","background-media":"","overlay-type":"","overlay-color":"","overlay-opacity":"","overlay-gradient":""}},"ast-content-background-meta":{"desktop":{"background-color":"var(--ast-global-color-5)","background-image":"","background-repeat":"repeat","background-position":"center center","background-size":"auto","background-attachment":"scroll","background-type":"","background-media":"","overlay-type":"","overlay-color":"","overlay-opacity":"","overlay-gradient":""},"tablet":{"background-color":"var(--ast-global-color-5)","background-image":"","background-repeat":"repeat","background-position":"center center","background-size":"auto","background-attachment":"scroll","background-type":"","background-media":"","overlay-type":"","overlay-color":"","overlay-opacity":"","overlay-gradient":""},"mobile":{"background-color":"var(--ast-global-color-5)","background-image":"","background-repeat":"repeat","background-position":"center center","background-size":"auto","background-attachment":"scroll","background-type":"","background-media":"","overlay-type":"","overlay-color":"","overlay-opacity":"","overlay-gradient":""}},"footnotes":""},"class_list":["post-3425","page","type-page","status-publish","hentry"],"uagb_featured_image_src":{"full":false,"thumbnail":false,"medium":false,"medium_large":false,"large":false,"1536x1536":false,"2048x2048":false,"trp-custom-language-flag":false},"uagb_author_info":{"display_name":false,"author_link":"https:\/\/www.predict-er.com\/sr\/author\/project_predict-er_admin\/"},"uagb_comment_info":0,"uagb_excerpt":"PROJECT Soil erosion threatens the sustainable use of the world&#8217;s land resources, making it a problem of global importance. Despite recent advances in erosion modeling, predictive models and tools often rely on globally available data and their development lacks field activities and validation. These shortcomings limit applicability in identifying site-specific priority areas and measures for&hellip;","rttpg_featured_image_url":null,"rttpg_author":{"display_name":false,"author_link":"https:\/\/www.predict-er.com\/sr\/author\/project_predict-er_admin\/"},"rttpg_comment":0,"rttpg_category":null,"rttpg_excerpt":"PROJECT Soil erosion threatens the sustainable use of the world&#8217;s land resources, making it a problem of global importance. Despite recent advances in erosion modeling, predictive models and tools often rely on globally available data and their development lacks field activities and validation. These shortcomings limit applicability in identifying site-specific priority areas and measures for&hellip;","_links":{"self":[{"href":"https:\/\/www.predict-er.com\/sr\/wp-json\/wp\/v2\/pages\/3425","targetHints":{"allow":["GET"]}}],"collection":[{"href":"https:\/\/www.predict-er.com\/sr\/wp-json\/wp\/v2\/pages"}],"about":[{"href":"https:\/\/www.predict-er.com\/sr\/wp-json\/wp\/v2\/types\/page"}],"author":[{"embeddable":true,"href":"https:\/\/www.predict-er.com\/sr\/wp-json\/wp\/v2\/users\/1"}],"replies":[{"embeddable":true,"href":"https:\/\/www.predict-er.com\/sr\/wp-json\/wp\/v2\/comments?post=3425"}],"version-history":[{"count":34,"href":"https:\/\/www.predict-er.com\/sr\/wp-json\/wp\/v2\/pages\/3425\/revisions"}],"predecessor-version":[{"id":4190,"href":"https:\/\/www.predict-er.com\/sr\/wp-json\/wp\/v2\/pages\/3425\/revisions\/4190"}],"wp:attachment":[{"href":"https:\/\/www.predict-er.com\/sr\/wp-json\/wp\/v2\/media?parent=3425"}],"curies":[{"name":"wp","href":"https:\/\/api.w.org\/{rel}","templated":true}]}}