{"id":3443,"date":"2024-04-24T22:49:46","date_gmt":"2024-04-24T20:49:46","guid":{"rendered":"https:\/\/www.predict-er.com\/?page_id=3443"},"modified":"2024-10-02T23:09:41","modified_gmt":"2024-10-02T21:09:41","slug":"team","status":"publish","type":"page","link":"https:\/\/www.predict-er.com\/sr\/team\/","title":{"rendered":"NA\u0160 TIM"},"content":{"rendered":"<div data-elementor-type=\"wp-page\" data-elementor-id=\"3443\" class=\"elementor elementor-3443\">\n\t\t\t\t<div class=\"elementor-element elementor-element-ed5342b e-flex e-con-boxed e-con e-parent\" data-id=\"ed5342b\" data-element_type=\"container\" data-e-type=\"container\" data-settings=\"{&quot;background_background&quot;:&quot;classic&quot;}\">\n\t\t\t\t\t<div class=\"e-con-inner\">\n\t\t\t\t<div class=\"elementor-element elementor-element-d9ff295 elementor-widget elementor-widget-heading\" data-id=\"d9ff295\" data-element_type=\"widget\" data-e-type=\"widget\" data-widget_type=\"heading.default\">\n\t\t\t\t<div class=\"elementor-widget-container\">\n\t\t\t\t\t<h1 class=\"elementor-heading-title elementor-size-default\">NA\u0160 TIM<\/h1>\t\t\t\t<\/div>\n\t\t\t\t<\/div>\n\t\t\t\t\t<\/div>\n\t\t\t\t<\/div>\n\t\t<div class=\"elementor-element elementor-element-1d8836c e-flex e-con-boxed e-con e-parent\" data-id=\"1d8836c\" data-element_type=\"container\" data-e-type=\"container\">\n\t\t\t\t\t<div class=\"e-con-inner\">\n\t\t\t\t<div class=\"elementor-element elementor-element-6e426da elementor-widget elementor-widget-heading\" data-id=\"6e426da\" data-element_type=\"widget\" data-e-type=\"widget\" data-widget_type=\"heading.default\">\n\t\t\t\t<div class=\"elementor-widget-container\">\n\t\t\t\t\t<h2 class=\"elementor-heading-title elementor-size-default\">Nau\u010dno-istra\u017eiva\u010dke organizacije<\/h2>\t\t\t\t<\/div>\n\t\t\t\t<\/div>\n\t\t\t\t\t<\/div>\n\t\t\t\t<\/div>\n\t\t<div class=\"elementor-element elementor-element-fb9de6a e-flex e-con-boxed e-con e-parent\" data-id=\"fb9de6a\" data-element_type=\"container\" data-e-type=\"container\">\n\t\t\t\t\t<div class=\"e-con-inner\">\n\t\t\t\t<div class=\"elementor-element elementor-element-de0a6ca elementor-widget elementor-widget-spacer\" data-id=\"de0a6ca\" data-element_type=\"widget\" data-e-type=\"widget\" data-widget_type=\"spacer.default\">\n\t\t\t\t<div class=\"elementor-widget-container\">\n\t\t\t\t\t\t\t<div class=\"elementor-spacer\">\n\t\t\t<div class=\"elementor-spacer-inner\"><\/div>\n\t\t<\/div>\n\t\t\t\t\t\t<\/div>\n\t\t\t\t<\/div>\n\t\t\t\t\t<\/div>\n\t\t\t\t<\/div>\n\t\t<div class=\"elementor-element elementor-element-8fb9540 e-flex e-con-boxed e-con e-parent\" data-id=\"8fb9540\" data-element_type=\"container\" data-e-type=\"container\">\n\t\t\t\t\t<div class=\"e-con-inner\">\n\t\t\t\t<div class=\"elementor-element elementor-element-881be59 elementor-widget elementor-widget-text-editor\" data-id=\"881be59\" data-element_type=\"widget\" data-e-type=\"widget\" data-widget_type=\"text-editor.default\">\n\t\t\t\t<div class=\"elementor-widget-container\">\n\t\t\t\t\t\t\t\t\t<p class=\"translation-block\"><span lang=\"SR-CYRL-RS\" style=\"font-size: 12.0pt;line-height: 107%;font-family: Roboto\">U okviru projekta Predict-Er tri ugledne nau\u010dno-istra\u017eiva\u010dke institucije \u2013 Institut za nuklearne nauke \u201eVIN\u010cA\u201d \u2013 Nacionalni institut Republike Srbije, Univerzitet u Beogradu (VINS), Univerzitet u Ni\u0161u, Prirodno-matemati\u010dki fakultet (UNFSM)<\/span> <span lang=\"SR-CYRL-RS\" style=\"font-size: 12.0pt;line-height: 107%;font-family: Roboto\">i Univerzitet u Beogradu \u2013 Poljoprivredni fakultet (AGRIF)<\/span> <span lang=\"SR-CYRL-RS\" style=\"font-size: 12.0pt;line-height: 107%;font-family: Roboto\">\u2013\u2013 udru\u017eili su snage u istra\u017eivanju, razvoju i primeni novih metodologija za predvi\u0111anje fenomena erozije zemlji\u0161ta. Ostvarena je spoljna saradnja sa Univerzitetom u Gentu (UGhent).\u00a0<\/span><span style=\"font-family: Roboto;font-size: 12pt;font-style: inherit;font-weight: inherit;background-color: var(--ast-global-color-5);color: var(--ast-global-color-3)\">Ova saradnja objedinjuje bogato iskustvo, stru\u010dnost i resurse svake od ovih institucija, omogu\u0107avaju\u0107i nam da iskoristimo najbolje u svakoj oblasti kako bismo stvorili inovativna re\u0161enja koja \u0107e pozitivno uticati na na\u0161u zajednicu i svet u predvi\u0111anju i istra\u017eivanju erozije tla.<\/p>\t\t\t\t\t\t\t\t<\/div>\n\t\t\t\t<\/div>\n\t\t\t\t\t<\/div>\n\t\t\t\t<\/div>\n\t\t<div class=\"elementor-element elementor-element-169a48b e-flex e-con-boxed e-con e-parent\" data-id=\"169a48b\" data-element_type=\"container\" data-e-type=\"container\">\n\t\t\t\t\t<div class=\"e-con-inner\">\n\t\t<div class=\"elementor-element elementor-element-277abab e-con-full e-flex e-con e-child\" data-id=\"277abab\" data-element_type=\"container\" data-e-type=\"container\">\n\t\t\t\t<div class=\"elementor-element elementor-element-0fd6034 elementor-widget elementor-widget-image\" data-id=\"0fd6034\" data-element_type=\"widget\" data-e-type=\"widget\" data-widget_type=\"image.default\">\n\t\t\t\t<div class=\"elementor-widget-container\">\n\t\t\t\t\t\t\t\t\t\t\t\t\t\t\t\t<a href=\"https:\/\/www.vin.bg.ac.rs\/en\/\">\n\t\t\t\t\t\t\t<img decoding=\"async\" src=\"https:\/\/www.predict-er.com\/wp-content\/uploads\/elementor\/thumbs\/vinca-logo-qn8a6qqu6u4bwxkbfxihyk3wj0unfx641ofq8r4ski.png\" title=\"vinca logo\" alt=\"vinca logo\" loading=\"lazy\" \/>\t\t\t\t\t\t\t\t<\/a>\n\t\t\t\t\t\t\t\t\t\t\t\t\t\t\t<\/div>\n\t\t\t\t<\/div>\n\t\t\t\t<\/div>\n\t\t<div class=\"elementor-element elementor-element-029eac6 e-con-full e-flex e-con e-child\" data-id=\"029eac6\" data-element_type=\"container\" data-e-type=\"container\">\n\t\t\t\t<div class=\"elementor-element elementor-element-9c3ee27 elementor-widget elementor-widget-image\" data-id=\"9c3ee27\" data-element_type=\"widget\" data-e-type=\"widget\" data-widget_type=\"image.default\">\n\t\t\t\t<div class=\"elementor-widget-container\">\n\t\t\t\t\t\t\t\t\t\t\t\t\t\t\t\t<a href=\"https:\/\/www.pmf.ni.ac.rs\/en\/\">\n\t\t\t\t\t\t\t<img decoding=\"async\" src=\"https:\/\/www.predict-er.com\/wp-content\/uploads\/elementor\/thumbs\/pmf-logo-qn8a78lrsoss1iudjn8erxlntcemi650g4tyd0ebcs.png\" title=\"pmf logo\" alt=\"pmf logo\" loading=\"lazy\" \/>\t\t\t\t\t\t\t\t<\/a>\n\t\t\t\t\t\t\t\t\t\t\t\t\t\t\t<\/div>\n\t\t\t\t<\/div>\n\t\t\t\t<\/div>\n\t\t<div class=\"elementor-element elementor-element-3d1ffe3 e-con-full e-flex e-con e-child\" data-id=\"3d1ffe3\" data-element_type=\"container\" data-e-type=\"container\">\n\t\t\t\t<div class=\"elementor-element elementor-element-38b72c6 elementor-widget elementor-widget-image\" data-id=\"38b72c6\" data-element_type=\"widget\" data-e-type=\"widget\" data-widget_type=\"image.default\">\n\t\t\t\t<div class=\"elementor-widget-container\">\n\t\t\t\t\t\t\t\t\t\t\t\t\t\t\t\t<a href=\"https:\/\/agrif.bg.ac.rs\/en\">\n\t\t\t\t\t\t\t<img decoding=\"async\" src=\"https:\/\/www.predict-er.com\/wp-content\/uploads\/elementor\/thumbs\/poljoprivredni-logo-qn8a7piv7pfxui5ssujp0tbyia38cq06igkozzp888.png\" title=\"poljoprivredni logo\" alt=\"poljoprivredni logo\" loading=\"lazy\" \/>\t\t\t\t\t\t\t\t<\/a>\n\t\t\t\t\t\t\t\t\t\t\t\t\t\t\t<\/div>\n\t\t\t\t<\/div>\n\t\t\t\t<\/div>\n\t\t<div class=\"elementor-element elementor-element-4d6fe8e e-con-full e-flex e-con e-child\" data-id=\"4d6fe8e\" data-element_type=\"container\" data-e-type=\"container\">\n\t\t\t\t<div class=\"elementor-element elementor-element-23bc55c elementor-widget elementor-widget-text-editor\" data-id=\"23bc55c\" data-element_type=\"widget\" data-e-type=\"widget\" data-widget_type=\"text-editor.default\">\n\t\t\t\t<div class=\"elementor-widget-container\">\n\t\t\t\t\t\t\t\t\t<p><span style=\"font-family: Roboto; font-size: 16px; text-align: justify; background-color: var(--ast-global-color-5); color: var(--ast-global-color-3);\">&#8220;<\/span><span style=\"font-family: Roboto; font-size: 16px; text-align: justify;\">\u201eVin\u010da\u201d Institut za nuklearne nauke \u2013 Institut od nacionalnog zna\u010daja za Republiku Srbiju, Univerzitet u Beogradu<\/span><br><\/p>\t\t\t\t\t\t\t\t<\/div>\n\t\t\t\t<\/div>\n\t\t\t\t<\/div>\n\t\t<div class=\"elementor-element elementor-element-deb7f35 e-con-full e-flex e-con e-child\" data-id=\"deb7f35\" data-element_type=\"container\" data-e-type=\"container\">\n\t\t\t\t<div class=\"elementor-element elementor-element-a9a01d5 elementor-widget elementor-widget-text-editor\" data-id=\"a9a01d5\" data-element_type=\"widget\" data-e-type=\"widget\" data-widget_type=\"text-editor.default\">\n\t\t\t\t<div class=\"elementor-widget-container\">\n\t\t\t\t\t\t\t\t\t<p><span style=\"font-family: Roboto; font-size: 16px; text-align: justify;\">Univerzitet u Ni\u0161u \u2013 Prirodno-matemati\u010dki fakultet;<\/span><\/p>\t\t\t\t\t\t\t\t<\/div>\n\t\t\t\t<\/div>\n\t\t\t\t<\/div>\n\t\t<div class=\"elementor-element elementor-element-82c34c2 e-con-full e-flex e-con e-child\" data-id=\"82c34c2\" data-element_type=\"container\" data-e-type=\"container\">\n\t\t\t\t<div class=\"elementor-element elementor-element-7425d26 elementor-widget elementor-widget-text-editor\" data-id=\"7425d26\" data-element_type=\"widget\" data-e-type=\"widget\" data-widget_type=\"text-editor.default\">\n\t\t\t\t<div class=\"elementor-widget-container\">\n\t\t\t\t\t\t\t\t\t<p><span style=\"font-family: Roboto; font-size: 16px; text-align: justify;\">Univerzitet u Beogradu \u2013 Poljoprivredni fakultet<\/span><\/p>\t\t\t\t\t\t\t\t<\/div>\n\t\t\t\t<\/div>\n\t\t\t\t<\/div>\n\t\t\t\t\t<\/div>\n\t\t\t\t<\/div>\n\t\t<div class=\"elementor-element elementor-element-b9c133f e-flex e-con-boxed e-con e-parent\" data-id=\"b9c133f\" data-element_type=\"container\" data-e-type=\"container\">\n\t\t\t\t\t<div class=\"e-con-inner\">\n\t\t\t\t<div class=\"elementor-element elementor-element-398dc79 elementor-widget elementor-widget-text-editor\" data-id=\"398dc79\" data-element_type=\"widget\" data-e-type=\"widget\" data-widget_type=\"text-editor.default\">\n\t\t\t\t<div class=\"elementor-widget-container\">\n\t\t\t\t\t\t\t\t\t<p><span lang=\"SR-CYRL-RS\" style=\"font-size: 12.0pt; line-height: 107%; font-family: Roboto;\">Da bi postigao specifi\u010dne ciljeve projekta, Predict-Er je uspostavio uravnote\u017een multidisciplinarni istra\u017eiva\u010dki tim od dva fizi\u010dka hemi\u010dara (PI i TM4), jednog hemi\u010dara (TM1), jednog tehnolo\u0161kog in\u017eenjera (TM2), jednog in\u017eenjera elektrotehnike (TM3) , \u010detiri geografa (TM5-TM8), jedan in\u017eenjer poljoprivrede (TM9) i jedan geolog (EC) sa komplementarnim nau\u010dnim i prakti\u010dnim znanjima relevantnim za temu projekta. Projektni tim \u010dine tri nau\u010dna savetnika, jedan nau\u010dni saradnik, dva redovna profesora, jedan vanredni profesor, dva docenta, jedan postdoktorant i jedan doktorand.<\/span><\/p>\n<p><span lang=\"SR-CYRL-RS\" style=\"font-size: 12.0pt; line-height: 107%; font-family: Roboto;\">&nbsp;<\/span><\/p>\n<p><span lang=\"SR-CYRL-RS\" style=\"font-size: 12.0pt; line-height: 107%; font-family: Roboto;\">\u010clanovi na\u0161eg tima:<\/span><\/p>\n<p><span lang=\"SR-CYRL-RS\" style=\"font-size: 12.0pt; line-height: 107%; font-family: Roboto;\">&nbsp;<\/span><\/p>\n<p><span lang=\"SR-CYRL-RS\" style=\"font-size: 12.0pt; line-height: 107%; font-family: Roboto;\">(PI)<\/span> <span lang=\"SR-CYRL-RS\" style=\"font-size: 12.0pt; line-height: 107%; font-family: Roboto;\">Sne\u017eana Dragovi\u0107<\/span><span style=\"font-size: 12.0pt; line-height: 107%; font-family: Roboto; mso-ansi-language: EN-US;\">,<\/span><span style=\"font-size: 12.0pt; line-height: 107%; font-family: Roboto;\"> <span lang=\"SR-CYRL-RS\">VINS<\/span><\/span><span style=\"font-size: 12.0pt; line-height: 107%; font-family: Roboto; mso-ansi-language: EN-US;\">, nau\u010dni savetnik<\/span><\/p>\n<p><span lang=\"SR-CYRL-RS\" style=\"font-size: 12.0pt; line-height: 107%; font-family: Roboto;\">(TM1)<\/span> <span lang=\"SR-CYRL-RS\" style=\"font-size: 12.0pt; line-height: 107%; font-family: Roboto;\">Ivana Smi\u010diklas<\/span><span style=\"font-size: 12.0pt; line-height: 107%; font-family: Roboto; mso-ansi-language: EN-US;\">, VINS, nau\u010dni savetnik<\/span><\/p>\n<p><span lang=\"SR-CYRL-RS\" style=\"font-size: 12.0pt; line-height: 107%; font-family: Roboto;\">(TM<\/span><span style=\"font-size: 12.0pt; line-height: 107%; font-family: Roboto; mso-ansi-language: EN-US;\">2<\/span><span lang=\"SR-CYRL-RS\" style=\"font-size: 12.0pt; line-height: 107%; font-family: Roboto;\">)<\/span> <span lang=\"SR-CYRL-RS\" style=\"font-size: 12.0pt; line-height: 107%; font-family: Roboto;\">Mihajlo Jovi\u0107<\/span><span style=\"font-size: 12.0pt; line-height: 107%; font-family: Roboto; mso-ansi-language: EN-US;\">, VINS, nau\u010dni savetnik<\/span><\/p>\n<p><span lang=\"SR-CYRL-RS\" style=\"font-size: 12.0pt; line-height: 107%; font-family: Roboto;\">(TM<\/span><span style=\"font-size: 12.0pt; line-height: 107%; font-family: Roboto; mso-ansi-language: EN-US;\">3<\/span><span lang=\"SR-CYRL-RS\" style=\"font-size: 12.0pt; line-height: 107%; font-family: Roboto;\">)<\/span> <span lang=\"SR-CYRL-RS\" style=\"font-size: 12.0pt; line-height: 107%; font-family: Roboto;\">Du\u0161an Topalovi\u0107<\/span><span style=\"font-size: 12.0pt; line-height: 107%; font-family: Roboto; mso-ansi-language: EN-US;\">, VINS, nau\u010dni saradnik<\/span><\/p>\n<p><span lang=\"SR-CYRL-RS\" style=\"font-size: 12.0pt; line-height: 107%; font-family: Roboto;\">(TM<\/span><span style=\"font-size: 12.0pt; line-height: 107%; font-family: Roboto; mso-ansi-language: EN-US;\">4<\/span><span lang=\"SR-CYRL-RS\" style=\"font-size: 12.0pt; line-height: 107%; font-family: Roboto;\">)<\/span> <span lang=\"SR-CYRL-RS\" style=\"font-size: 12.0pt; line-height: 107%; font-family: Roboto;\">Aleksandar \u010cupi\u0107<\/span><span style=\"font-size: 12.0pt; line-height: 107%; font-family: Roboto; mso-ansi-language: EN-US;\">, VINS, istra\u017eiva\u010d pripravnik<\/span><\/p>\n<p><span lang=\"SR-CYRL-RS\" style=\"font-size: 12.0pt; line-height: 107%; font-family: Roboto;\">(TM<\/span><span style=\"font-size: 12.0pt; line-height: 107%; font-family: Roboto; mso-ansi-language: EN-US;\">5<\/span><span lang=\"SR-CYRL-RS\" style=\"font-size: 12.0pt; line-height: 107%; font-family: Roboto;\">)<\/span> <span lang=\"SR-CYRL-RS\" style=\"font-size: 12.0pt; line-height: 107%; font-family: Roboto;\">Ranko Dragovi\u0107<\/span><span style=\"font-size: 12.0pt; line-height: 107%; font-family: Roboto; mso-ansi-language: EN-US;\">, UNFSM, redovni profesor<\/span><\/p>\n<p><span lang=\"SR-CYRL-RS\" style=\"font-size: 12.0pt; line-height: 107%; font-family: Roboto;\">(TM<\/span><span style=\"font-size: 12.0pt; line-height: 107%; font-family: Roboto; mso-ansi-language: EN-US;\">6<\/span><span lang=\"SR-CYRL-RS\" style=\"font-size: 12.0pt; line-height: 107%; font-family: Roboto;\">)<\/span> <span lang=\"SR-CYRL-RS\" style=\"font-size: 12.0pt; line-height: 107%; font-family: Roboto;\">Milan \u0110or\u0111evi\u0107<\/span><span style=\"font-size: 12.0pt; line-height: 107%; font-family: Roboto; mso-ansi-language: EN-US;\">, <\/span><span lang=\"SR-CYRL-RS\" style=\"font-size: 12.0pt; line-height: 107%; font-family: Roboto;\">UNFSM<\/span><span style=\"font-size: 12.0pt; line-height: 107%; font-family: Roboto; mso-ansi-language: EN-US;\">, docent<\/span><\/p>\n<p><span lang=\"SR-CYRL-RS\" style=\"font-size: 12.0pt; line-height: 107%; font-family: Roboto;\">(TM<\/span><span style=\"font-size: 12.0pt; line-height: 107%; font-family: Roboto; mso-ansi-language: EN-US;\">7<\/span><span lang=\"SR-CYRL-RS\" style=\"font-size: 12.0pt; line-height: 107%; font-family: Roboto;\">)<\/span> <span lang=\"SR-CYRL-RS\" style=\"font-size: 12.0pt; line-height: 107%; font-family: Roboto;\">Mr\u0111an \u0110oki\u0107<\/span><span style=\"font-size: 12.0pt; line-height: 107%; font-family: Roboto; mso-ansi-language: EN-US;\">, UNFSM, vanredni profesor<\/span><\/p>\n<p><span lang=\"SR-CYRL-RS\" style=\"font-size: 12.0pt; line-height: 107%; font-family: Roboto;\">(TM<\/span><span style=\"font-size: 12.0pt; line-height: 107%; font-family: Roboto; mso-ansi-language: EN-US;\">8<\/span><span lang=\"SR-CYRL-RS\" style=\"font-size: 12.0pt; line-height: 107%; font-family: Roboto;\">)<\/span> <span lang=\"SR-CYRL-RS\" style=\"font-size: 12.0pt; line-height: 107%; font-family: Roboto;\">Milena Goci\u0107<\/span><span style=\"font-size: 12.0pt; line-height: 107%; font-family: Roboto; mso-ansi-language: EN-US;\">, UNFSM, docent<\/span><\/p>\n<p><span lang=\"SR-CYRL-RS\" style=\"font-size: 12.0pt; line-height: 107%; font-family: Roboto;\">(TM<\/span><span style=\"font-size: 12.0pt; line-height: 107%; font-family: Roboto; mso-ansi-language: EN-US;\">9)&nbsp;<\/span><span lang=\"SR-CYRL-RS\" style=\"font-size: 12.0pt; line-height: 107%; font-family: Roboto;\">Bo\u0161ko Gaji\u0107<\/span><span style=\"font-size: 12.0pt; line-height: 107%; font-family: Roboto; mso-ansi-language: EN-US;\">, AGRIF, redovni profesor<\/span><\/p>\n<p><span style=\"font-family: Roboto;\"><span style=\"font-size: 16px;\">(EC) Ivan Lizaga, UGhent, FWO mladji postdoktorski saradnik<\/span><\/span><\/p>\t\t\t\t\t\t\t\t<\/div>\n\t\t\t\t<\/div>\n\t\t\t\t\t<\/div>\n\t\t\t\t<\/div>\n\t\t<div class=\"elementor-element elementor-element-79b9245 e-flex e-con-boxed e-con e-parent\" data-id=\"79b9245\" data-element_type=\"container\" data-e-type=\"container\">\n\t\t\t\t\t<div class=\"e-con-inner\">\n\t\t\t\t<div class=\"elementor-element elementor-element-0a98b20 elementor-widget elementor-widget-image\" data-id=\"0a98b20\" data-element_type=\"widget\" data-e-type=\"widget\" data-widget_type=\"image.default\">\n\t\t\t\t<div class=\"elementor-widget-container\">\n\t\t\t\t\t\t\t\t\t\t\t\t\t\t\t<img fetchpriority=\"high\" decoding=\"async\" width=\"1920\" height=\"888\" src=\"https:\/\/www.predict-er.com\/wp-content\/uploads\/2024\/04\/TM-predicter.jpg\" class=\"attachment-full size-full wp-image-3591\" alt=\"\" srcset=\"https:\/\/www.predict-er.com\/wp-content\/uploads\/2024\/04\/TM-predicter.jpg 1920w, https:\/\/www.predict-er.com\/wp-content\/uploads\/2024\/04\/TM-predicter-300x139.jpg 300w, https:\/\/www.predict-er.com\/wp-content\/uploads\/2024\/04\/TM-predicter-1024x474.jpg 1024w, https:\/\/www.predict-er.com\/wp-content\/uploads\/2024\/04\/TM-predicter-768x355.jpg 768w, https:\/\/www.predict-er.com\/wp-content\/uploads\/2024\/04\/TM-predicter-1536x710.jpg 1536w\" sizes=\"(max-width: 1920px) 100vw, 1920px\" \/>\t\t\t\t\t\t\t\t\t\t\t\t\t\t\t<\/div>\n\t\t\t\t<\/div>\n\t\t\t\t\t<\/div>\n\t\t\t\t<\/div>\n\t\t<div class=\"elementor-element elementor-element-a643f0c e-flex e-con-boxed e-con e-parent\" data-id=\"a643f0c\" data-element_type=\"container\" data-e-type=\"container\">\n\t\t\t\t\t<div class=\"e-con-inner\">\n\t\t\t\t<div class=\"elementor-element elementor-element-ded0d05 elementor-widget elementor-widget-spacer\" data-id=\"ded0d05\" data-element_type=\"widget\" data-e-type=\"widget\" data-widget_type=\"spacer.default\">\n\t\t\t\t<div class=\"elementor-widget-container\">\n\t\t\t\t\t\t\t<div class=\"elementor-spacer\">\n\t\t\t<div class=\"elementor-spacer-inner\"><\/div>\n\t\t<\/div>\n\t\t\t\t\t\t<\/div>\n\t\t\t\t<\/div>\n\t\t\t\t\t<\/div>\n\t\t\t\t<\/div>\n\t\t<div class=\"elementor-element elementor-element-0a4dc8f e-flex e-con-boxed e-con e-parent\" data-id=\"0a4dc8f\" data-element_type=\"container\" data-e-type=\"container\" data-settings=\"{&quot;background_background&quot;:&quot;classic&quot;}\">\n\t\t\t\t\t<div class=\"e-con-inner\">\n\t\t\t\t\t<\/div>\n\t\t\t\t<\/div>\n\t\t\t\t<\/div>","protected":false},"excerpt":{"rendered":"<p>TEAM Scientific Research Organizations As part of the Predict-Er project, three prominent scientific and research institutions &#8211; &#8220;VIN\u010cA&#8221; Institute of Nuclear Sciences &#8211; National Institute of the Republic of Serbia, University of Belgrade (VINS), University of Ni\u0161, Faculty of Sciences and Mathematics (UNFSM) and The University of Belgrade \u2013 Faculty of Agriculture (AGRIF) &#8211; have [&hellip;]<\/p>\n","protected":false},"author":1,"featured_media":0,"parent":0,"menu_order":3,"comment_status":"closed","ping_status":"closed","template":"","meta":{"_uag_custom_page_level_css":"","site-sidebar-layout":"no-sidebar","site-content-layout":"page-builder","ast-site-content-layout":"default","site-content-style":"default","site-sidebar-style":"default","ast-global-header-display":"","ast-banner-title-visibility":"","ast-main-header-display":"","ast-hfb-above-header-display":"","ast-hfb-below-header-display":"","ast-hfb-mobile-header-display":"","site-post-title":"disabled","ast-breadcrumbs-content":"","ast-featured-img":"disabled","footer-sml-layout":"","ast-disable-related-posts":"","theme-transparent-header-meta":"enabled","adv-header-id-meta":"","stick-header-meta":"","header-above-stick-meta":"","header-main-stick-meta":"","header-below-stick-meta":"","astra-migrate-meta-layouts":"default","ast-page-background-enabled":"default","ast-page-background-meta":{"desktop":{"background-color":"var(--ast-global-color-4)","background-image":"","background-repeat":"repeat","background-position":"center center","background-size":"auto","background-attachment":"scroll","background-type":"","background-media":"","overlay-type":"","overlay-color":"","overlay-opacity":"","overlay-gradient":""},"tablet":{"background-color":"","background-image":"","background-repeat":"repeat","background-position":"center center","background-size":"auto","background-attachment":"scroll","background-type":"","background-media":"","overlay-type":"","overlay-color":"","overlay-opacity":"","overlay-gradient":""},"mobile":{"background-color":"","background-image":"","background-repeat":"repeat","background-position":"center center","background-size":"auto","background-attachment":"scroll","background-type":"","background-media":"","overlay-type":"","overlay-color":"","overlay-opacity":"","overlay-gradient":""}},"ast-content-background-meta":{"desktop":{"background-color":"var(--ast-global-color-5)","background-image":"","background-repeat":"repeat","background-position":"center center","background-size":"auto","background-attachment":"scroll","background-type":"","background-media":"","overlay-type":"","overlay-color":"","overlay-opacity":"","overlay-gradient":""},"tablet":{"background-color":"var(--ast-global-color-5)","background-image":"","background-repeat":"repeat","background-position":"center center","background-size":"auto","background-attachment":"scroll","background-type":"","background-media":"","overlay-type":"","overlay-color":"","overlay-opacity":"","overlay-gradient":""},"mobile":{"background-color":"var(--ast-global-color-5)","background-image":"","background-repeat":"repeat","background-position":"center center","background-size":"auto","background-attachment":"scroll","background-type":"","background-media":"","overlay-type":"","overlay-color":"","overlay-opacity":"","overlay-gradient":""}},"footnotes":""},"class_list":["post-3443","page","type-page","status-publish","hentry"],"uagb_featured_image_src":{"full":false,"thumbnail":false,"medium":false,"medium_large":false,"large":false,"1536x1536":false,"2048x2048":false,"trp-custom-language-flag":false},"uagb_author_info":{"display_name":false,"author_link":"https:\/\/www.predict-er.com\/sr\/author\/project_predict-er_admin\/"},"uagb_comment_info":0,"uagb_excerpt":"TEAM Scientific Research Organizations As part of the Predict-Er project, three prominent scientific and research institutions &#8211; &#8220;VIN\u010cA&#8221; Institute of Nuclear Sciences &#8211; National Institute of the Republic of Serbia, University of Belgrade (VINS), University of Ni\u0161, Faculty of Sciences and Mathematics (UNFSM) and The University of Belgrade \u2013 Faculty of Agriculture (AGRIF) &#8211; have&hellip;","rttpg_featured_image_url":null,"rttpg_author":{"display_name":false,"author_link":"https:\/\/www.predict-er.com\/sr\/author\/project_predict-er_admin\/"},"rttpg_comment":0,"rttpg_category":null,"rttpg_excerpt":"TEAM Scientific Research Organizations As part of the Predict-Er project, three prominent scientific and research institutions &#8211; &#8220;VIN\u010cA&#8221; Institute of Nuclear Sciences &#8211; National Institute of the Republic of Serbia, University of Belgrade (VINS), University of Ni\u0161, Faculty of Sciences and Mathematics (UNFSM) and The University of Belgrade \u2013 Faculty of Agriculture (AGRIF) &#8211; have&hellip;","_links":{"self":[{"href":"https:\/\/www.predict-er.com\/sr\/wp-json\/wp\/v2\/pages\/3443","targetHints":{"allow":["GET"]}}],"collection":[{"href":"https:\/\/www.predict-er.com\/sr\/wp-json\/wp\/v2\/pages"}],"about":[{"href":"https:\/\/www.predict-er.com\/sr\/wp-json\/wp\/v2\/types\/page"}],"author":[{"embeddable":true,"href":"https:\/\/www.predict-er.com\/sr\/wp-json\/wp\/v2\/users\/1"}],"replies":[{"embeddable":true,"href":"https:\/\/www.predict-er.com\/sr\/wp-json\/wp\/v2\/comments?post=3443"}],"version-history":[{"count":53,"href":"https:\/\/www.predict-er.com\/sr\/wp-json\/wp\/v2\/pages\/3443\/revisions"}],"predecessor-version":[{"id":4187,"href":"https:\/\/www.predict-er.com\/sr\/wp-json\/wp\/v2\/pages\/3443\/revisions\/4187"}],"wp:attachment":[{"href":"https:\/\/www.predict-er.com\/sr\/wp-json\/wp\/v2\/media?parent=3443"}],"curies":[{"name":"wp","href":"https:\/\/api.w.org\/{rel}","templated":true}]}}