{"id":3599,"date":"2024-04-25T19:59:07","date_gmt":"2024-04-25T17:59:07","guid":{"rendered":"https:\/\/www.predict-er.com\/?page_id=3599"},"modified":"2026-02-27T10:59:51","modified_gmt":"2026-02-27T09:59:51","slug":"publications","status":"publish","type":"page","link":"https:\/\/www.predict-er.com\/sr\/publications\/","title":{"rendered":"PUBLIKACIJE"},"content":{"rendered":"<div data-elementor-type=\"wp-page\" data-elementor-id=\"3599\" class=\"elementor elementor-3599\">\n\t\t\t\t<div class=\"elementor-element elementor-element-ed5342b e-flex e-con-boxed e-con e-parent\" data-id=\"ed5342b\" data-element_type=\"container\" data-e-type=\"container\" data-settings=\"{&quot;background_background&quot;:&quot;classic&quot;}\">\n\t\t\t\t\t<div class=\"e-con-inner\">\n\t\t\t\t<div class=\"elementor-element elementor-element-d9ff295 elementor-widget elementor-widget-heading\" data-id=\"d9ff295\" data-element_type=\"widget\" data-e-type=\"widget\" data-widget_type=\"heading.default\">\n\t\t\t\t<div class=\"elementor-widget-container\">\n\t\t\t\t\t<h1 class=\"elementor-heading-title elementor-size-default\">PUBLIKACIJE<\/h1>\t\t\t\t<\/div>\n\t\t\t\t<\/div>\n\t\t\t\t\t<\/div>\n\t\t\t\t<\/div>\n\t\t<div class=\"elementor-element elementor-element-fb9de6a e-flex e-con-boxed e-con e-parent\" data-id=\"fb9de6a\" data-element_type=\"container\" data-e-type=\"container\">\n\t\t\t\t\t<div class=\"e-con-inner\">\n\t\t\t\t<div class=\"elementor-element elementor-element-de0a6ca elementor-widget elementor-widget-spacer\" data-id=\"de0a6ca\" data-element_type=\"widget\" data-e-type=\"widget\" data-widget_type=\"spacer.default\">\n\t\t\t\t<div class=\"elementor-widget-container\">\n\t\t\t\t\t\t\t<div class=\"elementor-spacer\">\n\t\t\t<div class=\"elementor-spacer-inner\"><\/div>\n\t\t<\/div>\n\t\t\t\t\t\t<\/div>\n\t\t\t\t<\/div>\n\t\t\t\t\t<\/div>\n\t\t\t\t<\/div>\n\t\t<div class=\"elementor-element elementor-element-27aea79 e-flex e-con-boxed e-con e-parent\" data-id=\"27aea79\" data-element_type=\"container\" data-e-type=\"container\">\n\t\t\t\t\t<div class=\"e-con-inner\">\n\t\t\t\t<div class=\"elementor-element elementor-element-c2c5dec elementor-widget elementor-widget-text-editor\" data-id=\"c2c5dec\" data-element_type=\"widget\" data-e-type=\"widget\" data-widget_type=\"text-editor.default\">\n\t\t\t\t<div class=\"elementor-widget-container\">\n\t\t\t\t\t\t\t\t\t<p>\u0110or\u0111evi\u0107, M., \u0110oki\u0107, M., Mani\u0107, M., Veskovi\u0107, J., Dragovi\u0107, R., Smi\u010diklas, I., Dragovi\u0107, S., &amp; Onjia, A. (2026). Advanced GIS-Based RUSLE Modeling for Soil Erosion Estimation in the Toplica River Basin, Serbia.&nbsp;<em>Geosciences<\/em>,&nbsp;<em>16<\/em>(2), 83. https:\/\/doi.org\/10.3390\/geosciences16020083.&nbsp;<span style=\"background-color: var(--ast-global-color-5); font-size: 16px;\"><span style=\"font-family: Roboto;\"><strong style=\"font-style: inherit; color: var(--ast-global-color-3); background-color: var(--ast-global-color-5);\"><a href=\"https:\/\/www.mdpi.com\/2076-3263\/16\/2\/83\">DOWNLOAD<\/a><\/strong><\/span><\/span><\/p><p><span style=\"background-color: var(--ast-global-color-5); font-size: 16px;\"><span style=\"font-family: Roboto;\"><br><\/span><\/span><\/p>\n<p><\/p>\n<p>Mileti\u0107, M., \u0110oki\u0107, M., Radivojevi\u0107. A., Goci\u0107, M., Markovi\u0107, R., &amp; Vuleti\u0107, J. (2026). <em>Changes in vegetation cover by using NDVI in the territory of \u0160umadija Administrative District (Central Serbia)<\/em>. Journal of the Geographical Institute &#8221;Jovan Cvijic&#8221;, SASA, 1-1.&nbsp;<span style=\"background-color: var(--ast-global-color-5); font-size: 16px;\"><span style=\"font-family: Roboto;\"><strong style=\"font-style: inherit; color: var(--ast-global-color-3); background-color: var(--ast-global-color-5);\"><a href=\"https:\/\/doiserbia.nb.rs\/Article.aspx?ID=0350-75992600001M\">DOWNLOAD<\/a><\/strong><\/span><\/span><\/p>\n<p><span style=\"background-color: var(--ast-global-color-5); font-size: 16px;\"><span style=\"font-family: Roboto;\">&nbsp;<\/span><\/span><\/p>\n<p>Gaji\u0107, B., Tolimir, M., Kresovi\u0107, B., \u017divoti\u0107, B., Sredojevi\u0107, B., Dugali\u0107, M., &amp; Gaji\u0107, K. (2025). <em>Water-dispersible clay and an aggregation\/erodibility index in a Fluvisol in Western Serbia.<\/em> In 4th International and 16th National Congress of the Serbian Society of Soil Science<em> \u2013 <\/em>The Soil Re-Union: Science for Healthy Soils, Fru\u0161ke Terme, Vrdnik, Serbia. <span style=\"background-color: var(--ast-global-color-5); font-size: 16px;\"><span style=\"font-family: Roboto;\"><strong style=\"font-style: inherit; color: var(--ast-global-color-3); background-color: var(--ast-global-color-5);\"><a href=\"https:\/\/fiver.ifvcns.rs\/handle\/123456789\/5680\">DOWNLOAD<\/a><\/strong><\/span><\/span><\/p>\n<p><span style=\"background-color: var(--ast-global-color-5); font-size: 16px;\"><span style=\"font-family: Roboto;\">&nbsp;<\/span><\/span><\/p>\n<p>Gaji\u0107, B., \u0110or\u0111evi\u0107, M., Mani\u0107, M., \u0110oki\u0107, M., Dragovi\u0107, R., \u010cupi\u0107, A., Jovi\u0107, M., Smi\u010diklas, I., &amp; Dragovi\u0107, S. (2025). <em>Assessment of erodibility indices and the degree of soil aggregation depending on the type of land use (Eastern Serbia).<\/em> In XVI International Scientific Agriculture Symposium \u2013 AGROSYM<em> 2025<\/em>, Jahorina, Bosnia and Herzegovina. <span style=\"font-family: Roboto;\"><strong style=\"font-style: inherit; color: var(--ast-global-color-3); background-color: var(--ast-global-color-5);\"><a href=\" https:\/\/vinar.vin.bg.ac.rs\/handle\/123456789\/15771\">DOWNLOAD<\/a><\/strong><\/span><\/p>\n<p><span style=\"font-family: Roboto;\">&nbsp;<\/span><\/p>\n<p>Jovi\u0107, M., Smi\u010diklas, I., \u0110or\u0111evi\u0107, M., \u0110oki\u0107, M., Mani\u0107, M., &amp; Dragovi\u0107, S. (2025). <em>Comparative evaluation of the empirical (RUSLE) model and nuclear (\u00b9\u00b3\u2077Cs) method in assessment of water erosion in complex catchments.<\/em> In XXXIII Symposium of the Society for Radiation Protection of Serbia and Montenegro, Banja Kovilja\u010da, Serbia. <span style=\"font-family: Roboto;\"><strong style=\"font-style: inherit; color: var(--ast-global-color-3); background-color: var(--ast-global-color-5);\"><a href=\"https:\/\/vinar.vin.bg.ac.rs\/handle\/123456789\/15770\">DOWNLOAD<\/a><\/strong><\/span><\/p>\n<p><span style=\"font-family: Roboto;\">&nbsp;<\/span><\/p>\n<p>\u0110or\u0111evi\u0107, M., Mani\u0107, M., \u0110oki\u0107, M., Dragovi\u0107, R., Smi\u010diklas, I., &amp; Dragovi\u0107, S. (2025). <em>Extraction of gully boundaries in forested terrain using high-resolution UAV LiDAR data.<\/em> In GeosciRA25: International Conference on Recent Trends in Geoscience Research and Applications, Belgrade, Serbia <span style=\"font-family: Roboto;\"><strong style=\"font-style: inherit; color: var(--ast-global-color-3); background-color: var(--ast-global-color-5);\"><a href=\" https:\/\/vinar.vin.bg.ac.rs\/handle\/123456789\/15772\">DOWNLOAD<\/a><\/strong><\/span><\/p>\n<p><span style=\"font-family: Roboto;\">&nbsp;<\/span><\/p>\n<p><span style=\"background-color: var(--ast-global-color-5); font-size: 16px;\"><span style=\"font-family: Roboto;\">\u010cupi\u0107, A., Smi\u010diklas, I., Mani\u0107, M., \u0110oki\u0107, M., Dragovi\u0107, R., \u0110or\u0111evi\u0107, M., Goci\u0107, M., Jovi\u0107, M., Topalovi\u0107, D., Gaji\u0107, B., &amp; Dragovi\u0107, S. (2025).<em> <sup>137<\/sup>Cs-Based Assessment of Soil Erosion Rates in a Morphologically Diverse Catchment with Varying Soil Types and Vegetation Cover: Relationship with Soil Properties and RUSLE Model<\/em> <em>Predictions<\/em>. Water, <em>17<\/em>(4), 526. https:\/\/doi.org\/10.3390\/w17040526. <strong style=\"font-style: inherit; color: var(--ast-global-color-3); background-color: var(--ast-global-color-5);\"><span style=\"background-color: var(--ast-global-color-5); font-size: 16px;\"><span style=\"font-family: Roboto;\"><strong style=\"font-style: inherit; color: var(--ast-global-color-3); background-color: var(--ast-global-color-5);\"><a href=\"https:\/\/www.mdpi.com\/2073-4441\/17\/4\/526\">DOWNLOAD<\/a><\/strong><\/span><\/span><\/strong><\/span><br><\/span><\/p>\n<p><span style=\"background-color: var(--ast-global-color-5); font-size: 16px;\"><span style=\"font-family: Roboto;\"><strong style=\"font-style: inherit; color: var(--ast-global-color-3); background-color: var(--ast-global-color-5);\"><span style=\"background-color: var(--ast-global-color-5); font-size: 16px;\"><span style=\"font-family: Roboto;\">&nbsp;<\/span><\/span><\/strong><\/span><\/span><\/p>\n<p><span style=\"background-color: var(--ast-global-color-5); font-size: 16px;\"><span style=\"font-family: Roboto;\">\u010cupi\u0107, A., Smi\u010diklas, I., Jovi\u0107, M., \u0110or\u0111evi\u0107, M., \u0110oki\u0107, M., Dragovi\u0107, R., Mani\u0107, M., Gaji\u0107, B., Dragovi\u0107, S. (2024). <em>Small-scale variability of gully erosion rates and soil properties in the Crveni potok catchment,<\/em> 17th International Conference on Fundamental and Applied Aspects of Physical Chemistry, Physical Chemistry 2024, Belgrade, 23-27 September 2024. <\/span><\/span><span style=\"font-style: inherit; font-weight: inherit; color: var(--ast-global-color-3); background-color: var(--ast-global-color-5);\"><span style=\"background-color: var(--ast-global-color-5); font-size: 16px;\"><span style=\"font-family: Roboto;\"><strong style=\"font-style: inherit; color: var(--ast-global-color-3); background-color: var(--ast-global-color-5);\"><a href=\"https:\/\/vinar.vin.bg.ac.rs\/handle\/123456789\/14280\">DOWNLOAD<\/a><\/strong><\/span><\/span><\/span><\/p>\n<p><span style=\"font-style: inherit; font-weight: inherit; color: var(--ast-global-color-3); background-color: var(--ast-global-color-5);\"><span style=\"background-color: var(--ast-global-color-5); font-size: 16px;\"><span style=\"font-family: Roboto;\">&nbsp;<\/span><\/span><\/span><\/p>\n<p><span style=\"background-color: var(--ast-global-color-5); font-size: 16px;\"><span style=\"font-family: Roboto;\">Dragovic, S., Smiciklas, I., Djordjevic, M., Djokic, M., Gocic, M., Manic, M., Cupic, A., Topalovic, D., Jovic, M., Dragovic, R., &amp; Gajic, B. (2024). <em>Initiating the Predict-Er: A new multidisciplinary framework for the development of an erosion prediction tool.<\/em> Centennial Celebration and Congress of the International Union of Soil Sciences, Florence, Italy, May 19-21, 2024. In Abstract Book (EPosters, 495). <\/span><\/span><span style=\"font-style: inherit; font-weight: inherit; color: var(--ast-global-color-3); background-color: var(--ast-global-color-5);\"><span style=\"background-color: var(--ast-global-color-5); font-size: 16px;\"><span style=\"font-family: Roboto;\"><strong style=\"font-style: inherit; color: var(--ast-global-color-3); background-color: var(--ast-global-color-5);\"><a href=\"https:\/\/vinar.vin.bg.ac.rs\/handle\/123456789\/14386\">DOWNLOAD<\/a><\/strong><\/span><\/span><\/span><\/p>\t\t\t\t\t\t\t\t<\/div>\n\t\t\t\t<\/div>\n\t\t\t\t\t<\/div>\n\t\t\t\t<\/div>\n\t\t<div class=\"elementor-element elementor-element-f74d700 e-flex e-con-boxed e-con e-parent\" data-id=\"f74d700\" data-element_type=\"container\" data-e-type=\"container\">\n\t\t\t\t\t<div class=\"e-con-inner\">\n\t\t\t\t<div class=\"elementor-element elementor-element-bcb3a44 elementor-widget elementor-widget-spacer\" data-id=\"bcb3a44\" data-element_type=\"widget\" data-e-type=\"widget\" data-widget_type=\"spacer.default\">\n\t\t\t\t<div class=\"elementor-widget-container\">\n\t\t\t\t\t\t\t<div class=\"elementor-spacer\">\n\t\t\t<div class=\"elementor-spacer-inner\"><\/div>\n\t\t<\/div>\n\t\t\t\t\t\t<\/div>\n\t\t\t\t<\/div>\n\t\t\t\t\t<\/div>\n\t\t\t\t<\/div>\n\t\t\t\t<\/div>","protected":false},"excerpt":{"rendered":"<p>PUBLICATIONS \u0110or\u0111evi\u0107, M., \u0110oki\u0107, M., Mani\u0107, M., Veskovi\u0107, J., Dragovi\u0107, R., Smi\u010diklas, I., Dragovi\u0107, S., &amp; Onjia, A. (2026). Advanced GIS-Based RUSLE Modeling for Soil Erosion Estimation in the Toplica River Basin, Serbia.&nbsp;Geosciences,&nbsp;16(2), 83. https:\/\/doi.org\/10.3390\/geosciences16020083.&nbsp;DOWNLOAD Mileti\u0107, M., \u0110oki\u0107, M., Radivojevi\u0107. A., Goci\u0107, M., Markovi\u0107, R., &amp; Vuleti\u0107, J. (2026). Changes in vegetation cover by using [&hellip;]<\/p>\n","protected":false},"author":1,"featured_media":0,"parent":0,"menu_order":3,"comment_status":"closed","ping_status":"closed","template":"","meta":{"_uag_custom_page_level_css":"","site-sidebar-layout":"no-sidebar","site-content-layout":"page-builder","ast-site-content-layout":"default","site-content-style":"default","site-sidebar-style":"default","ast-global-header-display":"","ast-banner-title-visibility":"","ast-main-header-display":"","ast-hfb-above-header-display":"","ast-hfb-below-header-display":"","ast-hfb-mobile-header-display":"","site-post-title":"disabled","ast-breadcrumbs-content":"","ast-featured-img":"disabled","footer-sml-layout":"","ast-disable-related-posts":"","theme-transparent-header-meta":"enabled","adv-header-id-meta":"","stick-header-meta":"","header-above-stick-meta":"","header-main-stick-meta":"","header-below-stick-meta":"","astra-migrate-meta-layouts":"default","ast-page-background-enabled":"default","ast-page-background-meta":{"desktop":{"background-color":"var(--ast-global-color-4)","background-image":"","background-repeat":"repeat","background-position":"center center","background-size":"auto","background-attachment":"scroll","background-type":"","background-media":"","overlay-type":"","overlay-color":"","overlay-opacity":"","overlay-gradient":""},"tablet":{"background-color":"","background-image":"","background-repeat":"repeat","background-position":"center center","background-size":"auto","background-attachment":"scroll","background-type":"","background-media":"","overlay-type":"","overlay-color":"","overlay-opacity":"","overlay-gradient":""},"mobile":{"background-color":"","background-image":"","background-repeat":"repeat","background-position":"center center","background-size":"auto","background-attachment":"scroll","background-type":"","background-media":"","overlay-type":"","overlay-color":"","overlay-opacity":"","overlay-gradient":""}},"ast-content-background-meta":{"desktop":{"background-color":"var(--ast-global-color-5)","background-image":"","background-repeat":"repeat","background-position":"center center","background-size":"auto","background-attachment":"scroll","background-type":"","background-media":"","overlay-type":"","overlay-color":"","overlay-opacity":"","overlay-gradient":""},"tablet":{"background-color":"var(--ast-global-color-5)","background-image":"","background-repeat":"repeat","background-position":"center center","background-size":"auto","background-attachment":"scroll","background-type":"","background-media":"","overlay-type":"","overlay-color":"","overlay-opacity":"","overlay-gradient":""},"mobile":{"background-color":"var(--ast-global-color-5)","background-image":"","background-repeat":"repeat","background-position":"center center","background-size":"auto","background-attachment":"scroll","background-type":"","background-media":"","overlay-type":"","overlay-color":"","overlay-opacity":"","overlay-gradient":""}},"footnotes":""},"class_list":["post-3599","page","type-page","status-publish","hentry"],"uagb_featured_image_src":{"full":false,"thumbnail":false,"medium":false,"medium_large":false,"large":false,"1536x1536":false,"2048x2048":false,"trp-custom-language-flag":false},"uagb_author_info":{"display_name":false,"author_link":"https:\/\/www.predict-er.com\/sr\/author\/project_predict-er_admin\/"},"uagb_comment_info":0,"uagb_excerpt":"PUBLICATIONS \u0110or\u0111evi\u0107, M., \u0110oki\u0107, M., Mani\u0107, M., Veskovi\u0107, J., Dragovi\u0107, R., Smi\u010diklas, I., Dragovi\u0107, S., &amp; Onjia, A. (2026). Advanced GIS-Based RUSLE Modeling for Soil Erosion Estimation in the Toplica River Basin, Serbia.&nbsp;Geosciences,&nbsp;16(2), 83. https:\/\/doi.org\/10.3390\/geosciences16020083.&nbsp;DOWNLOAD Mileti\u0107, M., \u0110oki\u0107, M., Radivojevi\u0107. A., Goci\u0107, M., Markovi\u0107, R., &amp; Vuleti\u0107, J. (2026). Changes in vegetation cover by using&hellip;","rttpg_featured_image_url":null,"rttpg_author":{"display_name":false,"author_link":"https:\/\/www.predict-er.com\/sr\/author\/project_predict-er_admin\/"},"rttpg_comment":0,"rttpg_category":null,"rttpg_excerpt":"PUBLICATIONS \u0110or\u0111evi\u0107, M., \u0110oki\u0107, M., Mani\u0107, M., Veskovi\u0107, J., Dragovi\u0107, R., Smi\u010diklas, I., Dragovi\u0107, S., &amp; Onjia, A. (2026). Advanced GIS-Based RUSLE Modeling for Soil Erosion Estimation in the Toplica River Basin, Serbia.&nbsp;Geosciences,&nbsp;16(2), 83. https:\/\/doi.org\/10.3390\/geosciences16020083.&nbsp;DOWNLOAD Mileti\u0107, M., \u0110oki\u0107, M., Radivojevi\u0107. A., Goci\u0107, M., Markovi\u0107, R., &amp; Vuleti\u0107, J. (2026). Changes in vegetation cover by using&hellip;","_links":{"self":[{"href":"https:\/\/www.predict-er.com\/sr\/wp-json\/wp\/v2\/pages\/3599","targetHints":{"allow":["GET"]}}],"collection":[{"href":"https:\/\/www.predict-er.com\/sr\/wp-json\/wp\/v2\/pages"}],"about":[{"href":"https:\/\/www.predict-er.com\/sr\/wp-json\/wp\/v2\/types\/page"}],"author":[{"embeddable":true,"href":"https:\/\/www.predict-er.com\/sr\/wp-json\/wp\/v2\/users\/1"}],"replies":[{"embeddable":true,"href":"https:\/\/www.predict-er.com\/sr\/wp-json\/wp\/v2\/comments?post=3599"}],"version-history":[{"count":115,"href":"https:\/\/www.predict-er.com\/sr\/wp-json\/wp\/v2\/pages\/3599\/revisions"}],"predecessor-version":[{"id":4588,"href":"https:\/\/www.predict-er.com\/sr\/wp-json\/wp\/v2\/pages\/3599\/revisions\/4588"}],"wp:attachment":[{"href":"https:\/\/www.predict-er.com\/sr\/wp-json\/wp\/v2\/media?parent=3599"}],"curies":[{"name":"wp","href":"https:\/\/api.w.org\/{rel}","templated":true}]}}