{"id":3732,"date":"2024-04-25T23:46:27","date_gmt":"2024-04-25T21:46:27","guid":{"rendered":"https:\/\/www.predict-er.com\/?page_id=3732"},"modified":"2024-10-02T23:23:14","modified_gmt":"2024-10-02T21:23:14","slug":"home","status":"publish","type":"page","link":"https:\/\/www.predict-er.com\/sr\/","title":{"rendered":"PO\u010cETNA"},"content":{"rendered":"<div data-elementor-type=\"wp-page\" data-elementor-id=\"3732\" class=\"elementor elementor-3732\">\n\t\t\t\t<div class=\"elementor-element elementor-element-ed5342b e-flex e-con-boxed e-con e-parent\" data-id=\"ed5342b\" data-element_type=\"container\" data-e-type=\"container\" data-settings=\"{&quot;background_background&quot;:&quot;classic&quot;,&quot;animation&quot;:&quot;none&quot;}\">\n\t\t\t\t\t<div class=\"e-con-inner\">\n\t\t\t\t<div class=\"elementor-element elementor-element-d9ff295 elementor-widget elementor-widget-heading\" data-id=\"d9ff295\" data-element_type=\"widget\" data-e-type=\"widget\" data-widget_type=\"heading.default\">\n\t\t\t\t<div class=\"elementor-widget-container\">\n\t\t\t\t\t<h1 class=\"elementor-heading-title elementor-size-default\">RAZVOJ ALATA ZA PREDVI\u0110ANjE EROZIJE ZA ODR\u017dIVO UPRAVLjANjE ZEMLjI\u0160TEM<\/h1>\t\t\t\t<\/div>\n\t\t\t\t<\/div>\n\t\t\t\t\t<\/div>\n\t\t\t\t<\/div>\n\t\t<div class=\"elementor-element elementor-element-6ef69dc e-flex e-con-boxed e-con e-parent\" data-id=\"6ef69dc\" data-element_type=\"container\" data-e-type=\"container\">\n\t\t\t\t\t<div class=\"e-con-inner\">\n\t\t\t\t\t<\/div>\n\t\t\t\t<\/div>\n\t\t<div class=\"elementor-element elementor-element-7b358a3 e-flex e-con-boxed e-con e-parent\" data-id=\"7b358a3\" data-element_type=\"container\" data-e-type=\"container\">\n\t\t\t\t\t<div class=\"e-con-inner\">\n\t\t\t\t<div class=\"elementor-element elementor-element-1b1d9b6 elementor-widget elementor-widget-text-editor\" data-id=\"1b1d9b6\" data-element_type=\"widget\" data-e-type=\"widget\" data-widget_type=\"text-editor.default\">\n\t\t\t\t<div class=\"elementor-widget-container\">\n\t\t\t\t\t\t\t\t\t<p><span style=\"background-color: var(--ast-global-color-5); font-size: 16px;\"><span style=\"font-family: Roboto;\">Razvoj alata za predvi\u0111anje erozije za odr\u017eivo upravljanje zemlji\u0161tem \u2013 Predict-Er donosi novi pristup koji kombinuje nuklearne, analiti\u010dke, statisti\u010dke tehnike i tehnike daljinskog detekcije za generisanje terenskih podataka visoke rezolucije, koji \u0107e biti modelovani i integrisani u vi\u0161eslojnu mre\u017eu GIS Predict-Er alat koji omogu\u0107ava predvi\u0111anje promena u stopama erozije zemlji\u0161ta i dinamici sedimenta u razli\u010ditim scenarijima upravljanja. Reprezentativni i procesni modeli integrisani u Web-GIS alat koji je jednostavan za kori\u0161\u0107enje imaju za cilj da podr\u017ee donosioce odluka u izboru odgovaraju\u0107ih mera o\u010duvanja kako bi se minimizirali efekti erozije. Povratne informacije relevantnih zainteresovanih strana \u0107e se koristiti za pobolj\u0161anje dizajna i performansi alata. Bi\u0107e predlo\u017eeni modeli sa najboljim prediktivnim performansama kako bi se optimizovala koli\u010dina ulaznih podataka za parametrizaciju modela u budu\u0107im aplikacijama u razli\u010ditim regionima. Kori\u0161\u0107enje Predict-Er pristupa zna\u010dajno \u0107e uticati na kvalitet zemlji\u0161ta i povr\u0161inske vode sa posledi\u010dnim socio-ekonomskim koristima i uticajem na strategije odr\u017eivog upravljanja zemlji\u0161tem.<\/span><\/span><\/p>\t\t\t\t\t\t\t\t<\/div>\n\t\t\t\t<\/div>\n\t\t\t\t\t<\/div>\n\t\t\t\t<\/div>\n\t\t<div class=\"elementor-element elementor-element-eca5516 e-flex e-con-boxed e-con e-parent\" data-id=\"eca5516\" data-element_type=\"container\" data-e-type=\"container\">\n\t\t\t\t\t<div class=\"e-con-inner\">\n\t\t<div class=\"elementor-element elementor-element-2f50e8f e-con-full e-flex e-con e-child\" data-id=\"2f50e8f\" data-element_type=\"container\" data-e-type=\"container\">\n\t\t\t\t<div class=\"elementor-element elementor-element-ad4d58a elementor-widget elementor-widget-image\" data-id=\"ad4d58a\" data-element_type=\"widget\" data-e-type=\"widget\" data-widget_type=\"image.default\">\n\t\t\t\t<div class=\"elementor-widget-container\">\n\t\t\t\t\t\t\t\t\t\t\t\t\t\t\t\t<a href=\"https:\/\/fondzanauku.gov.rs\/?lang=en\">\n\t\t\t\t\t\t\t<img decoding=\"async\" src=\"https:\/\/www.predict-er.com\/wp-content\/uploads\/2024\/10\/fond-za-nauku-logo-srb.png\" title=\"logo fond eng\" alt=\"logo fond eng\" loading=\"lazy\" \/>\t\t\t\t\t\t\t\t<\/a>\n\t\t\t\t\t\t\t\t\t\t\t\t\t\t\t<\/div>\n\t\t\t\t<\/div>\n\t\t\t\t<\/div>\n\t\t<div class=\"elementor-element elementor-element-1d0645b e-con-full e-flex e-con e-child\" data-id=\"1d0645b\" data-element_type=\"container\" data-e-type=\"container\">\n\t\t\t\t<div class=\"elementor-element elementor-element-e1e549d elementor-widget elementor-widget-image\" data-id=\"e1e549d\" data-element_type=\"widget\" data-e-type=\"widget\" data-widget_type=\"image.default\">\n\t\t\t\t<div class=\"elementor-widget-container\">\n\t\t\t\t\t\t\t\t\t\t\t\t\t\t\t\t<a href=\"https:\/\/nitra.gov.rs\/en\/\">\n\t\t\t\t\t\t\t<img decoding=\"async\" src=\"https:\/\/www.predict-er.com\/wp-content\/uploads\/2024\/10\/ministarstvo-nauke-tehnoloskog-razvoja-i-inovacija-logo-srb.png\" title=\"Ministarstvo eng\" alt=\"Ministarstvo eng\" loading=\"lazy\" \/>\t\t\t\t\t\t\t\t<\/a>\n\t\t\t\t\t\t\t\t\t\t\t\t\t\t\t<\/div>\n\t\t\t\t<\/div>\n\t\t\t\t<\/div>\n\t\t\t\t\t<\/div>\n\t\t\t\t<\/div>\n\t\t<div class=\"elementor-element elementor-element-de9b2c6 e-flex e-con-boxed e-con e-parent\" data-id=\"de9b2c6\" data-element_type=\"container\" data-e-type=\"container\">\n\t\t\t\t\t<div class=\"e-con-inner\">\n\t\t\t\t<div class=\"elementor-element elementor-element-340acc0 elementor-widget elementor-widget-text-editor\" data-id=\"340acc0\" data-element_type=\"widget\" data-e-type=\"widget\" data-widget_type=\"text-editor.default\">\n\t\t\t\t<div class=\"elementor-widget-container\">\n\t\t\t\t\t\t\t\t\t<p><strong>Ovo istra\u017eivanje je podr\u017eao Fond za nauku Republike Srbije,<\/strong><\/p>\n<p><strong>#GRANT br. 7047, Razvoj alata za predvi\u0111anje erozije za odr\u017eivo upravljanje zemlji\u0161tem \u2013 Predict-Er.<\/strong><\/p>\n<p><strong><br><\/strong><\/p>\n<p><\/p>\n<p>Program: PRISMA<\/p>\n<p>Period implementacije: 2023 \u2013 2026.<\/p>\n<p>Projekat finansira: Fond za nauku Republike Srbije<\/p>\n<p class=\"translation-block\">Nosilac projekta NIO: Institut za nuklearne nauke \u201eVin\u010da\u201d \u2013  Institut od nacionalnog zna\u010daja za Republiku Srbiju, Univerzitet u Beogradu<\/p>\n<p>NIO u\u010desnici projekta:<\/p>\n<p>Univerzitet u Ni\u0161u \u2013 Prirodno-matemati\u010dki fakultet;<\/p>\n<p>Univerzitet u Beogradu \u2013 Poljoprivredni fakultet<\/p>\t\t\t\t\t\t\t\t<\/div>\n\t\t\t\t<\/div>\n\t\t\t\t\t<\/div>\n\t\t\t\t<\/div>\n\t\t<div class=\"elementor-element elementor-element-64f05c9 e-flex e-con-boxed e-con e-parent\" data-id=\"64f05c9\" data-element_type=\"container\" data-e-type=\"container\">\n\t\t\t\t\t<div class=\"e-con-inner\">\n\t\t\t\t<div class=\"elementor-element elementor-element-6c44afb elementor-widget elementor-widget-spacer\" data-id=\"6c44afb\" data-element_type=\"widget\" data-e-type=\"widget\" data-widget_type=\"spacer.default\">\n\t\t\t\t<div class=\"elementor-widget-container\">\n\t\t\t\t\t\t\t<div class=\"elementor-spacer\">\n\t\t\t<div class=\"elementor-spacer-inner\"><\/div>\n\t\t<\/div>\n\t\t\t\t\t\t<\/div>\n\t\t\t\t<\/div>\n\t\t\t\t\t<\/div>\n\t\t\t\t<\/div>\n\t\t<div class=\"elementor-element elementor-element-8c61bc6 e-flex e-con-boxed e-con e-parent\" data-id=\"8c61bc6\" data-element_type=\"container\" data-e-type=\"container\" data-settings=\"{&quot;background_background&quot;:&quot;classic&quot;}\">\n\t\t\t\t\t<div class=\"e-con-inner\">\n\t\t\t\t\t<\/div>\n\t\t\t\t<\/div>\n\t\t\t\t<\/div>","protected":false},"excerpt":{"rendered":"<p>DEVELOPMENT OF EROSION PREDICTION TOOL FOR SUSTAINABLE SOIL MANAGEMENT The Development of erosion prediction tool for sustainable soil management \u2013 Predict-Er brings a novel approach that combines nuclear, analytical, statistical, and remote sensing techniques to produce high-resolution field data, which will be modeled and integrated within a multilayer web GIS Predict -Er tool to enable [&hellip;]<\/p>\n","protected":false},"author":1,"featured_media":0,"parent":0,"menu_order":1,"comment_status":"closed","ping_status":"closed","template":"","meta":{"_uag_custom_page_level_css":"","site-sidebar-layout":"no-sidebar","site-content-layout":"page-builder","ast-site-content-layout":"default","site-content-style":"default","site-sidebar-style":"default","ast-global-header-display":"","ast-banner-title-visibility":"","ast-main-header-display":"","ast-hfb-above-header-display":"","ast-hfb-below-header-display":"","ast-hfb-mobile-header-display":"","site-post-title":"disabled","ast-breadcrumbs-content":"","ast-featured-img":"disabled","footer-sml-layout":"","ast-disable-related-posts":"","theme-transparent-header-meta":"enabled","adv-header-id-meta":"","stick-header-meta":"","header-above-stick-meta":"","header-main-stick-meta":"","header-below-stick-meta":"","astra-migrate-meta-layouts":"default","ast-page-background-enabled":"default","ast-page-background-meta":{"desktop":{"background-color":"var(--ast-global-color-4)","background-image":"","background-repeat":"repeat","background-position":"center center","background-size":"auto","background-attachment":"scroll","background-type":"","background-media":"","overlay-type":"","overlay-color":"","overlay-opacity":"","overlay-gradient":""},"tablet":{"background-color":"","background-image":"","background-repeat":"repeat","background-position":"center center","background-size":"auto","background-attachment":"scroll","background-type":"","background-media":"","overlay-type":"","overlay-color":"","overlay-opacity":"","overlay-gradient":""},"mobile":{"background-color":"","background-image":"","background-repeat":"repeat","background-position":"center center","background-size":"auto","background-attachment":"scroll","background-type":"","background-media":"","overlay-type":"","overlay-color":"","overlay-opacity":"","overlay-gradient":""}},"ast-content-background-meta":{"desktop":{"background-color":"var(--ast-global-color-5)","background-image":"","background-repeat":"repeat","background-position":"center center","background-size":"auto","background-attachment":"scroll","background-type":"","background-media":"","overlay-type":"","overlay-color":"","overlay-opacity":"","overlay-gradient":""},"tablet":{"background-color":"var(--ast-global-color-5)","background-image":"","background-repeat":"repeat","background-position":"center center","background-size":"auto","background-attachment":"scroll","background-type":"","background-media":"","overlay-type":"","overlay-color":"","overlay-opacity":"","overlay-gradient":""},"mobile":{"background-color":"var(--ast-global-color-5)","background-image":"","background-repeat":"repeat","background-position":"center center","background-size":"auto","background-attachment":"scroll","background-type":"","background-media":"","overlay-type":"","overlay-color":"","overlay-opacity":"","overlay-gradient":""}},"footnotes":""},"class_list":["post-3732","page","type-page","status-publish","hentry"],"uagb_featured_image_src":{"full":false,"thumbnail":false,"medium":false,"medium_large":false,"large":false,"1536x1536":false,"2048x2048":false,"trp-custom-language-flag":false},"uagb_author_info":{"display_name":false,"author_link":"https:\/\/www.predict-er.com\/sr\/author\/project_predict-er_admin\/"},"uagb_comment_info":0,"uagb_excerpt":"DEVELOPMENT OF EROSION PREDICTION TOOL FOR SUSTAINABLE SOIL MANAGEMENT The Development of erosion prediction tool for sustainable soil management \u2013 Predict-Er brings a novel approach that combines nuclear, analytical, statistical, and remote sensing techniques to produce high-resolution field data, which will be modeled and integrated within a multilayer web GIS Predict -Er tool to enable&hellip;","rttpg_featured_image_url":null,"rttpg_author":{"display_name":false,"author_link":"https:\/\/www.predict-er.com\/sr\/author\/project_predict-er_admin\/"},"rttpg_comment":0,"rttpg_category":null,"rttpg_excerpt":"DEVELOPMENT OF EROSION PREDICTION TOOL FOR SUSTAINABLE SOIL MANAGEMENT The Development of erosion prediction tool for sustainable soil management \u2013 Predict-Er brings a novel approach that combines nuclear, analytical, statistical, and remote sensing techniques to produce high-resolution field data, which will be modeled and integrated within a multilayer web GIS Predict -Er tool to enable&hellip;","_links":{"self":[{"href":"https:\/\/www.predict-er.com\/sr\/wp-json\/wp\/v2\/pages\/3732","targetHints":{"allow":["GET"]}}],"collection":[{"href":"https:\/\/www.predict-er.com\/sr\/wp-json\/wp\/v2\/pages"}],"about":[{"href":"https:\/\/www.predict-er.com\/sr\/wp-json\/wp\/v2\/types\/page"}],"author":[{"embeddable":true,"href":"https:\/\/www.predict-er.com\/sr\/wp-json\/wp\/v2\/users\/1"}],"replies":[{"embeddable":true,"href":"https:\/\/www.predict-er.com\/sr\/wp-json\/wp\/v2\/comments?post=3732"}],"version-history":[{"count":57,"href":"https:\/\/www.predict-er.com\/sr\/wp-json\/wp\/v2\/pages\/3732\/revisions"}],"predecessor-version":[{"id":4200,"href":"https:\/\/www.predict-er.com\/sr\/wp-json\/wp\/v2\/pages\/3732\/revisions\/4200"}],"wp:attachment":[{"href":"https:\/\/www.predict-er.com\/sr\/wp-json\/wp\/v2\/media?parent=3732"}],"curies":[{"name":"wp","href":"https:\/\/api.w.org\/{rel}","templated":true}]}}